{"id":19026,"date":"2020-09-28T15:47:02","date_gmt":"2020-09-28T14:47:02","guid":{"rendered":"http:\/\/www.provedor-jus.pt\/o-provedor-em-portugal\/"},"modified":"2026-02-10T14:52:31","modified_gmt":"2026-02-10T14:52:31","slug":"the-ombudsman-in-portugal","status":"publish","type":"page","link":"https:\/\/www.provedor-jus.pt\/en\/who-we-are\/history\/the-ombudsman-in-portugal\/","title":{"rendered":"The Ombudsman in Portugal"},"content":{"rendered":"<div class=\"wpb-content-wrapper\"><!-- RS_MODULE_CODE_2.5.3 --> <div id=\"readspeaker_button19026\" class=\"rs_skip rs_preserve\"><a class=\"rs_href\" title=\"Ouvir com ReadSpeaker\" href=\"https:\/\/app-eu.readspeaker.com\/cgi-bin\/rsent?customerid=6394&amp;lang=pt_pt&amp;readid=rspeak_read_19026&amp;url=https%3A%2F%2Fwww.provedor-jus.pt%2Fen%2Fwp-json%2Fwp%2Fv2%2Fpages%2F19026\" onclick=\"readpage(this.href, 'xp19026'); return false;\"><img decoding=\"async\" src=\"https:\/\/www.provedor-jus.pt\/wp-content\/plugins\/enterprise_expanding_hl_wordpress-2x\/img\/icon_16px.gif\" alt=\"Ouvir com ReadSpeaker\" style=\"display: inline-block; margin-right: 5px;\"\/>Ouvir<\/a><\/div><div id=\"xp19026\" class=\"rs_addtools rs_splitbutton rs_preserve rs_skip rs_exp\"><\/div><div id=\"rspeak_read_19026\"><p>[vc_row][vc_column width=&#8221;1\/3&#8243; el_class=&#8221;column_container_left&#8221;][vc_wp_custommenu nav_menu=&#8221;127&#8243; el_class=&#8221;menu-main-menu&#8221;][\/vc_column][vc_column width=&#8221;2\/3&#8243; el_class=&#8221;column_container_right&#8221;][vc_custom_heading source=&#8221;post_title&#8221; font_container=&#8221;tag:h1|font_size:50px|text_align:left&#8221; google_fonts=&#8221;font_family:Unna%3Aregular|font_style:400%20regular%3A400%3Anormal&#8221;][vc_column_text]We find in the early 70s of the last century the first contributions to the creation of the Ombudsman in our country. Jos\u00e9 Magalh\u00e3es Godinho, Vasco da Fernandes Gama and M\u00e1rio Raposo were the persons who defended the inception, in Portugal, of an institution that, similarly to what happened in Northern Europe, would promote the human rights, especially in the relationships between the citizens and the exercise of public powers.<\/p>\n<p>However, it was almost one year after the Carnation Revolution (a democratic revolution), that the Portuguese Government published the Decree-Law No. 212\/75, of April 21, a juridical instrument that created the Ombudsman in our legal order. But, more than a legal institute, the Ombudsman wan the soundness of an unipersonal, independent, irremovable and democratic State body that, since 1976, has constitutional consolidation, in its (then) Article 24 (today, Article 23), which its content was as follows:<\/p>\n<p style=\"text-align: center;\">Article 24<br \/>\n(Ombudsman)<\/p>\n<p>\u00ab1 &#8211; Citizens may submit complaints against actions or omissions by the public authorities to the Ombudsman, who shall assess them without the power to take decisions and shall send the competent bodies such recommendations as may be necessary in order to prevent or make good any injustices.<br \/>\n2 &#8211; The activity of the Ombudsman is independent of grace or legal remedies provided for in the Constitution and laws.<br \/>\n3 &#8211; The Ombudsman is appointed by the Parliament.\u00bb<\/p>\n<p>Nevertheless, just prior to the approval of the Constitution and pursuant to Decree-Law No. 212\/75, it had already been appointed, by Order of the President \u2013 published in the Di\u00e1rio do Governo [Government Gazette], 2nd Series, December 31st, 1975 \u2013, the first Ombudsman, Lieutenant Colonel Manuel da Costa Br\u00e1s, which began to visit Denmark and France, in order to understand how similar institutions of these countries worked. The acquired knowledge was fundamental to the creation, in our country, the Ombudsman\u2019s Office, a structure of technical and administrative support that was regulated by the Decree-Law No. 189-A\/76, March 15. Two days after, Lieutenant Colonel Manuel da Costa Br\u00e1s took office as Ombudsman, State body that he represented until his appointment as Minister of Internal Affairs, on July 23th, 1976.<\/p>\n<p>On the eve of its half-century anniversary, <a href=\"https:\/\/www.provedor-jus.pt\/en\/ombudsman-to-be-located-at-vilalva-palace-from-15-november\/\">on 15 November 2023 the Ombudsman has moved its headquarters to Pal\u00e1cio Vilalva<\/a>, located between Rua Marqu\u00eas de Fronteira and Largo de S\u00e3o Sebasti\u00e3o da Pedreira, in one of Lisbon\u2019s central hubs. This fulfils a long-standing ambition to place the state institution created to defend citizens\u2019 rights and thus promote better public administration in an accessible, central and visible location in the Portuguese capital, similar to its European counterparts.[\/vc_column_text][vc_video link=&#8221;https:\/\/www.youtube.com\/watch?v=r_LPCYZ_xaw&#8221; align=&#8221;center&#8221;][\/vc_column][\/vc_row]<\/p>\n<\/div><\/div>","protected":false},"excerpt":{"rendered":"<p><!-- RS_MODULE_CODE_2.5.3 --> <\/p>\n<div id=\"readspeaker_button19026\" class=\"rs_skip rs_preserve\"><a class=\"rs_href\" title=\"Ouvir com ReadSpeaker\" href=\"https:\/\/app-eu.readspeaker.com\/cgi-bin\/rsent?customerid=6394&amp;lang=pt_pt&amp;readid=rspeak_read_19026&amp;url=https%3A%2F%2Fwww.provedor-jus.pt%2Fen%2Fwp-json%2Fwp%2Fv2%2Fpages%2F19026\" onclick=\"readpage(this.href, 'xp19026'); return false;\"><img decoding=\"async\" src=\"https:\/\/www.provedor-jus.pt\/wp-content\/plugins\/enterprise_expanding_hl_wordpress-2x\/img\/icon_16px.gif\" alt=\"Ouvir com ReadSpeaker\" style=\"display: inline-block; margin-right: 5px;\"\/>Ouvir<\/a><\/div>\n<div id=\"xp19026\" class=\"rs_addtools rs_splitbutton rs_preserve rs_skip rs_exp\"><\/div>\n<div id=\"rspeak_read_19026\">[vc_row][vc_column width=&#8221;1\/3&#8243; el_class=&#8221;column_container_left&#8221;][vc_wp_custommenu nav_menu=&#8221;127&#8243; el_class=&#8221;menu-main-menu&#8221;][\/vc_column][vc_column width=&#8221;2\/3&#8243; el_class=&#8221;column_container_right&#8221;][vc_custom_heading source=&#8221;post_title&#8221; font_container=&#8221;tag:h1|font_size:50px|text_align:left&#8221; google_fonts=&#8221;font_family:Unna%3Aregular|font_style:400%20regular%3A400%3Anormal&#8221;][vc_column_text]We find in the early 70s of the last century the first contributions to the creation of the Ombudsman in our country. Jos\u00e9 Magalh\u00e3es Godinho, Vasco da Fernandes Gama and M\u00e1rio Raposo were the persons who defended the inception, in Portugal, of an institution that, similarly to what happened in Northern&hellip;<\/div>\n","protected":false},"author":1,"featured_media":0,"parent":19119,"menu_order":0,"comment_status":"closed","ping_status":"closed","template":"","meta":{"_acf_changed":false,"footnotes":""},"class_list":["post-19026","page","type-page","status-publish","hentry"],"acf":[],"yoast_head":"<!-- This site is optimized with the Yoast SEO plugin v25.2 - https:\/\/yoast.com\/wordpress\/plugins\/seo\/ -->\n<title>The Ombudsman in Portugal - Provedoria de Justi\u00e7a<\/title>\n<meta name=\"robots\" content=\"index, follow, max-snippet:-1, max-image-preview:large, max-video-preview:-1\" \/>\n<link rel=\"canonical\" href=\"https:\/\/www.provedor-jus.pt\/en\/who-we-are\/history\/the-ombudsman-in-portugal\/\" \/>\n<meta property=\"og:locale\" content=\"en_US\" \/>\n<meta property=\"og:type\" content=\"article\" \/>\n<meta property=\"og:title\" content=\"The Ombudsman in Portugal - Provedoria de Justi\u00e7a\" \/>\n<meta property=\"og:description\" content=\"Ouvir[vc_row][vc_column width=&#8221;1\/3&#8243; el_class=&#8221;column_container_left&#8221;][vc_wp_custommenu nav_menu=&#8221;127&#8243; el_class=&#8221;menu-main-menu&#8221;][\/vc_column][vc_column width=&#8221;2\/3&#8243; el_class=&#8221;column_container_right&#8221;][vc_custom_heading source=&#8221;post_title&#8221; font_container=&#8221;tag:h1|font_size:50px|text_align:left&#8221; google_fonts=&#8221;font_family:Unna%3Aregular|font_style:400%20regular%3A400%3Anormal&#8221;][vc_column_text]We find in the early 70s of the last century the first contributions to the creation of the Ombudsman in our country. Jos\u00e9 Magalh\u00e3es Godinho, Vasco da Fernandes Gama and M\u00e1rio Raposo were the persons who defended the inception, in Portugal, of an institution that, similarly to what happened in Northern&hellip;\" \/>\n<meta property=\"og:url\" content=\"https:\/\/www.provedor-jus.pt\/en\/who-we-are\/history\/the-ombudsman-in-portugal\/\" \/>\n<meta property=\"og:site_name\" content=\"Provedoria de Justi\u00e7a\" \/>\n<meta property=\"article:modified_time\" content=\"2026-02-10T14:52:31+00:00\" \/>\n<meta name=\"twitter:card\" content=\"summary_large_image\" \/>\n<meta name=\"twitter:label1\" content=\"Est. reading time\" \/>\n\t<meta name=\"twitter:data1\" content=\"3 minutes\" \/>\n<script type=\"application\/ld+json\" class=\"yoast-schema-graph\">{\"@context\":\"https:\/\/schema.org\",\"@graph\":[{\"@type\":\"WebPage\",\"@id\":\"https:\/\/www.provedor-jus.pt\/en\/who-we-are\/history\/the-ombudsman-in-portugal\/\",\"url\":\"https:\/\/www.provedor-jus.pt\/en\/who-we-are\/history\/the-ombudsman-in-portugal\/\",\"name\":\"The Ombudsman in Portugal - Provedoria de Justi\u00e7a\",\"isPartOf\":{\"@id\":\"https:\/\/www.provedor-jus.pt\/#website\"},\"datePublished\":\"2020-09-28T14:47:02+00:00\",\"dateModified\":\"2026-02-10T14:52:31+00:00\",\"breadcrumb\":{\"@id\":\"https:\/\/www.provedor-jus.pt\/en\/who-we-are\/history\/the-ombudsman-in-portugal\/#breadcrumb\"},\"inLanguage\":\"en-US\",\"potentialAction\":[{\"@type\":\"ReadAction\",\"target\":[\"https:\/\/www.provedor-jus.pt\/en\/who-we-are\/history\/the-ombudsman-in-portugal\/\"]}]},{\"@type\":\"BreadcrumbList\",\"@id\":\"https:\/\/www.provedor-jus.pt\/en\/who-we-are\/history\/the-ombudsman-in-portugal\/#breadcrumb\",\"itemListElement\":[{\"@type\":\"ListItem\",\"position\":1,\"name\":\"In\u00edcio\",\"item\":\"https:\/\/www.provedor-jus.pt\/en\/\"},{\"@type\":\"ListItem\",\"position\":2,\"name\":\"Who We Are\",\"item\":\"\/en\/who-we-are\/the-ombudsperson\/\"},{\"@type\":\"ListItem\",\"position\":3,\"name\":\"History\",\"item\":\"\/en\/who-we-are\/history\/the-ombudsperson-in-portugal\/\"},{\"@type\":\"ListItem\",\"position\":4,\"name\":\"The Ombudsman in Portugal\"}]},{\"@type\":\"WebSite\",\"@id\":\"https:\/\/www.provedor-jus.pt\/#website\",\"url\":\"https:\/\/www.provedor-jus.pt\/\",\"name\":\"Provedoria de Justi\u00e7a\",\"description\":\"\",\"publisher\":{\"@id\":\"https:\/\/www.provedor-jus.pt\/#organization\"},\"potentialAction\":[{\"@type\":\"SearchAction\",\"target\":{\"@type\":\"EntryPoint\",\"urlTemplate\":\"https:\/\/www.provedor-jus.pt\/?s={search_term_string}\"},\"query-input\":{\"@type\":\"PropertyValueSpecification\",\"valueRequired\":true,\"valueName\":\"search_term_string\"}}],\"inLanguage\":\"en-US\"},{\"@type\":\"Organization\",\"@id\":\"https:\/\/www.provedor-jus.pt\/#organization\",\"name\":\"Provedoria de Justi\u00e7a\",\"url\":\"https:\/\/www.provedor-jus.pt\/\",\"logo\":{\"@type\":\"ImageObject\",\"inLanguage\":\"en-US\",\"@id\":\"https:\/\/www.provedor-jus.pt\/#\/schema\/logo\/image\/\",\"url\":\"https:\/\/www.provedor-jus.pt\/wp-content\/uploads\/2024\/10\/logo_provedor_50anos.jpg\",\"contentUrl\":\"https:\/\/www.provedor-jus.pt\/wp-content\/uploads\/2024\/10\/logo_provedor_50anos.jpg\",\"width\":2514,\"height\":554,\"caption\":\"Provedoria de Justi\u00e7a\"},\"image\":{\"@id\":\"https:\/\/www.provedor-jus.pt\/#\/schema\/logo\/image\/\"}}]}<\/script>\n<!-- \/ Yoast SEO plugin. -->","yoast_head_json":{"title":"The Ombudsman in Portugal - Provedoria de Justi\u00e7a","robots":{"index":"index","follow":"follow","max-snippet":"max-snippet:-1","max-image-preview":"max-image-preview:large","max-video-preview":"max-video-preview:-1"},"canonical":"https:\/\/www.provedor-jus.pt\/en\/who-we-are\/history\/the-ombudsman-in-portugal\/","og_locale":"en_US","og_type":"article","og_title":"The Ombudsman in Portugal - Provedoria de Justi\u00e7a","og_description":"Ouvir[vc_row][vc_column width=&#8221;1\/3&#8243; el_class=&#8221;column_container_left&#8221;][vc_wp_custommenu nav_menu=&#8221;127&#8243; el_class=&#8221;menu-main-menu&#8221;][\/vc_column][vc_column width=&#8221;2\/3&#8243; el_class=&#8221;column_container_right&#8221;][vc_custom_heading source=&#8221;post_title&#8221; font_container=&#8221;tag:h1|font_size:50px|text_align:left&#8221; google_fonts=&#8221;font_family:Unna%3Aregular|font_style:400%20regular%3A400%3Anormal&#8221;][vc_column_text]We find in the early 70s of the last century the first contributions to the creation of the Ombudsman in our country. Jos\u00e9 Magalh\u00e3es Godinho, Vasco da Fernandes Gama and M\u00e1rio Raposo were the persons who defended the inception, in Portugal, of an institution that, similarly to what happened in Northern&hellip;","og_url":"https:\/\/www.provedor-jus.pt\/en\/who-we-are\/history\/the-ombudsman-in-portugal\/","og_site_name":"Provedoria de Justi\u00e7a","article_modified_time":"2026-02-10T14:52:31+00:00","twitter_card":"summary_large_image","twitter_misc":{"Est. reading time":"3 minutes"},"schema":{"@context":"https:\/\/schema.org","@graph":[{"@type":"WebPage","@id":"https:\/\/www.provedor-jus.pt\/en\/who-we-are\/history\/the-ombudsman-in-portugal\/","url":"https:\/\/www.provedor-jus.pt\/en\/who-we-are\/history\/the-ombudsman-in-portugal\/","name":"The Ombudsman in Portugal - Provedoria de Justi\u00e7a","isPartOf":{"@id":"https:\/\/www.provedor-jus.pt\/#website"},"datePublished":"2020-09-28T14:47:02+00:00","dateModified":"2026-02-10T14:52:31+00:00","breadcrumb":{"@id":"https:\/\/www.provedor-jus.pt\/en\/who-we-are\/history\/the-ombudsman-in-portugal\/#breadcrumb"},"inLanguage":"en-US","potentialAction":[{"@type":"ReadAction","target":["https:\/\/www.provedor-jus.pt\/en\/who-we-are\/history\/the-ombudsman-in-portugal\/"]}]},{"@type":"BreadcrumbList","@id":"https:\/\/www.provedor-jus.pt\/en\/who-we-are\/history\/the-ombudsman-in-portugal\/#breadcrumb","itemListElement":[{"@type":"ListItem","position":1,"name":"In\u00edcio","item":"https:\/\/www.provedor-jus.pt\/en\/"},{"@type":"ListItem","position":2,"name":"Who We Are","item":"\/en\/who-we-are\/the-ombudsperson\/"},{"@type":"ListItem","position":3,"name":"History","item":"\/en\/who-we-are\/history\/the-ombudsperson-in-portugal\/"},{"@type":"ListItem","position":4,"name":"The Ombudsman in Portugal"}]},{"@type":"WebSite","@id":"https:\/\/www.provedor-jus.pt\/#website","url":"https:\/\/www.provedor-jus.pt\/","name":"Provedoria de Justi\u00e7a","description":"","publisher":{"@id":"https:\/\/www.provedor-jus.pt\/#organization"},"potentialAction":[{"@type":"SearchAction","target":{"@type":"EntryPoint","urlTemplate":"https:\/\/www.provedor-jus.pt\/?s={search_term_string}"},"query-input":{"@type":"PropertyValueSpecification","valueRequired":true,"valueName":"search_term_string"}}],"inLanguage":"en-US"},{"@type":"Organization","@id":"https:\/\/www.provedor-jus.pt\/#organization","name":"Provedoria de Justi\u00e7a","url":"https:\/\/www.provedor-jus.pt\/","logo":{"@type":"ImageObject","inLanguage":"en-US","@id":"https:\/\/www.provedor-jus.pt\/#\/schema\/logo\/image\/","url":"https:\/\/www.provedor-jus.pt\/wp-content\/uploads\/2024\/10\/logo_provedor_50anos.jpg","contentUrl":"https:\/\/www.provedor-jus.pt\/wp-content\/uploads\/2024\/10\/logo_provedor_50anos.jpg","width":2514,"height":554,"caption":"Provedoria de Justi\u00e7a"},"image":{"@id":"https:\/\/www.provedor-jus.pt\/#\/schema\/logo\/image\/"}}]}},"_links":{"self":[{"href":"https:\/\/www.provedor-jus.pt\/en\/wp-json\/wp\/v2\/pages\/19026","targetHints":{"allow":["GET"]}}],"collection":[{"href":"https:\/\/www.provedor-jus.pt\/en\/wp-json\/wp\/v2\/pages"}],"about":[{"href":"https:\/\/www.provedor-jus.pt\/en\/wp-json\/wp\/v2\/types\/page"}],"author":[{"embeddable":true,"href":"https:\/\/www.provedor-jus.pt\/en\/wp-json\/wp\/v2\/users\/1"}],"replies":[{"embeddable":true,"href":"https:\/\/www.provedor-jus.pt\/en\/wp-json\/wp\/v2\/comments?post=19026"}],"version-history":[{"count":2,"href":"https:\/\/www.provedor-jus.pt\/en\/wp-json\/wp\/v2\/pages\/19026\/revisions"}],"predecessor-version":[{"id":33901,"href":"https:\/\/www.provedor-jus.pt\/en\/wp-json\/wp\/v2\/pages\/19026\/revisions\/33901"}],"up":[{"embeddable":true,"href":"https:\/\/www.provedor-jus.pt\/en\/wp-json\/wp\/v2\/pages\/19119"}],"wp:attachment":[{"href":"https:\/\/www.provedor-jus.pt\/en\/wp-json\/wp\/v2\/media?parent=19026"}],"curies":[{"name":"wp","href":"https:\/\/api.w.org\/{rel}","templated":true}]}}