{"id":19162,"date":"2020-09-29T16:49:31","date_gmt":"2020-09-29T15:49:31","guid":{"rendered":"http:\/\/www.provedor-jus.pt\/activity\/publicacoes\/"},"modified":"2020-11-12T17:57:37","modified_gmt":"2020-11-12T16:57:37","slug":"publications","status":"publish","type":"page","link":"https:\/\/www.provedor-jus.pt\/en\/activity\/publications\/","title":{"rendered":"Publications"},"content":{"rendered":"<div class=\"wpb-content-wrapper\"><!-- RS_MODULE_CODE_2.5.3 --> <div id=\"readspeaker_button19162\" class=\"rs_skip rs_preserve\"><a class=\"rs_href\" title=\"Ouvir com ReadSpeaker\" href=\"https:\/\/app-eu.readspeaker.com\/cgi-bin\/rsent?customerid=6394&amp;lang=pt_pt&amp;readid=rspeak_read_19162&amp;url=https%3A%2F%2Fwww.provedor-jus.pt%2Fen%2Fwp-json%2Fwp%2Fv2%2Fpages%2F19162\" onclick=\"readpage(this.href, 'xp19162'); return false;\"><img decoding=\"async\" src=\"https:\/\/www.provedor-jus.pt\/wp-content\/plugins\/enterprise_expanding_hl_wordpress-2x\/img\/icon_16px.gif\" alt=\"Ouvir com ReadSpeaker\" style=\"display: inline-block; margin-right: 5px;\"\/>Ouvir<\/a><\/div><div id=\"xp19162\" class=\"rs_addtools rs_splitbutton rs_preserve rs_skip rs_exp\"><\/div><div id=\"rspeak_read_19162\"><p>[vc_row][vc_column width=&#8221;1\/3&#8243; el_class=&#8221;column_container_left&#8221;][vc_wp_custommenu nav_menu=&#8221;65&#8243; el_class=&#8221;menu-main-menu&#8221;][\/vc_column][vc_column width=&#8221;2\/3&#8243; el_class=&#8221;column_container_right&#8221;][vc_custom_heading text=&#8221;Publications (Only in Portuguese)&#8221; font_container=&#8221;tag:h1|font_size:50px|text_align:left&#8221; google_fonts=&#8221;font_family:Unna%3Aregular|font_style:400%20regular%3A400%3Anormal&#8221;]<div class=\"listagens_wrapper\"><div class=\"pagination\"><span aria-current=\"page\" class=\"page-numbers current\">1<\/span>\n<a class=\"page-numbers\" href=\"https:\/\/www.provedor-jus.pt\/en\/wp-json\/wp\/v2\/pages\/19162\/page\/2\/\">2<\/a>\n<a class=\"page-numbers\" href=\"https:\/\/www.provedor-jus.pt\/en\/wp-json\/wp\/v2\/pages\/19162\/page\/3\/\">3<\/a>\n<a class=\"next page-numbers\" href=\"https:\/\/www.provedor-jus.pt\/en\/wp-json\/wp\/v2\/pages\/19162\/page\/2\/\">Next <i><\/i><\/a><\/div><div class=\"listagens_posts_wrapper\"><div class=\"listagens_item flex_item\"><div class=\"item_image_wrapper\"><img loading=\"lazy\" decoding=\"async\" src=\"https:\/\/www.provedor-jus.pt\/wp-content\/uploads\/2025\/10\/Concurso_o-Futuro_dos_direitos.png\" alt=\"Capa de \"O futuro dos direitos \u00e9 agora\"\" width=\"55\" height=\"90\" class=\"item_image\"><\/div><div class=\"item_content_wrapper\">\n\t\t\t<a href=\"https:\/\/www.provedor-jus.pt\/documentos\/o-futuro-dos-direitos-e-agora\/\"><div>O Futuro dos Direitos \u00e9 Agora<\/div><\/a>\n\t\t\t<div><div class='documento_filesize_wrapper'>[13.56 MB]<\/div><\/div>\n\t\t\t<div><\/div>\n\t\t\t<div><div class='documento_ano_wrapper '>2025<\/div><\/div>\n\t\t\t<\/div>\n\t\t\t<\/div><div class=\"listagens_item flex_item\"><div class=\"item_image_wrapper\"><img loading=\"lazy\" decoding=\"async\" src=\"https:\/\/www.provedor-jus.pt\/wp-content\/themes\/wizors-investments-child\/assets\/images\/no_image_thumbnail.jpg\" alt=\"\" width=\"55\" height=\"90\" class=\"item_image\"><\/div><div class=\"item_content_wrapper\">\n\t\t\t<a href=\"https:\/\/www.provedor-jus.pt\/documentos\/boletim-trimestral-janeiro-2025\/\"><div>Boletim Trimestral &#8211; Janeiro 2025<\/div><\/a>\n\t\t\t<div><div class='documento_filesize_wrapper'>[1.27 MB]<\/div><\/div>\n\t\t\t<div><\/div>\n\t\t\t<div><div class='documento_ano_wrapper '>2025<\/div><\/div>\n\t\t\t<\/div>\n\t\t\t<\/div><div class=\"listagens_item flex_item\"><div class=\"item_image_wrapper\"><img loading=\"lazy\" decoding=\"async\" src=\"https:\/\/www.provedor-jus.pt\/wp-content\/themes\/wizors-investments-child\/assets\/images\/no_image_thumbnail.jpg\" alt=\"\" width=\"55\" height=\"90\" class=\"item_image\"><\/div><div class=\"item_content_wrapper\">\n\t\t\t<a href=\"https:\/\/www.provedor-jus.pt\/documentos\/relatorio-atendimento-ao-publico-sumario-executivo\/\"><div>Relat\u00f3rio sobre o Atendimento nos Servi\u00e7os P\u00fablicos &#8211; Sum\u00e1rio Executivo<\/div><\/a>\n\t\t\t<div><div class='documento_filesize_wrapper'>[0.42 MB]<\/div><\/div>\n\t\t\t<div><\/div>\n\t\t\t<div><div class='documento_ano_wrapper '>2024<\/div><\/div>\n\t\t\t<\/div>\n\t\t\t<\/div><div class=\"listagens_item flex_item\"><div class=\"item_image_wrapper\"><img loading=\"lazy\" decoding=\"async\" src=\"https:\/\/www.provedor-jus.pt\/wp-content\/themes\/wizors-investments-child\/assets\/images\/no_image_thumbnail.jpg\" alt=\"\" width=\"55\" height=\"90\" class=\"item_image\"><\/div><div class=\"item_content_wrapper\">\n\t\t\t<a href=\"https:\/\/www.provedor-jus.pt\/documentos\/acesso-ao-sistema-regional-de-saude-regiao-autonoma-dos-acores\/\"><div>Acesso ao Sistema Regional de Sa\u00fade &#8211; Regi\u00e3o Aut\u00f3noma dos A\u00e7ores<\/div><\/a>\n\t\t\t<div><div class='documento_filesize_wrapper'>[13.08 MB]<\/div><\/div>\n\t\t\t<div><\/div>\n\t\t\t<div><div class='documento_ano_wrapper '>2021<\/div><\/div>\n\t\t\t<\/div>\n\t\t\t<\/div><div class=\"listagens_item flex_item\"><div class=\"item_image_wrapper\"><img loading=\"lazy\" decoding=\"async\" src=\"https:\/\/www.provedor-jus.pt\/wp-content\/themes\/wizors-investments-child\/assets\/images\/no_image_thumbnail.jpg\" alt=\"\" width=\"55\" height=\"90\" class=\"item_image\"><\/div><div class=\"item_content_wrapper\">\n\t\t\t<a href=\"https:\/\/www.provedor-jus.pt\/documentos\/implementacao-de-politicas-publicas-sobre-a-habitacao-social-na-regiao-autonoma-da-madeira\/\"><div>Implementa\u00e7\u00e3o de Pol\u00edticas P\u00fablicas sobre a Habita\u00e7\u00e3o Social na Regi\u00e3o Aut\u00f3noma da Madeira<\/div><\/a>\n\t\t\t<div><div class='documento_filesize_wrapper'>[3.05 MB]<\/div><\/div>\n\t\t\t<div><\/div>\n\t\t\t<div><div class='documento_ano_wrapper '>2021<\/div><\/div>\n\t\t\t<\/div>\n\t\t\t<\/div><div class=\"listagens_item flex_item\"><div class=\"item_image_wrapper\"><img loading=\"lazy\" decoding=\"async\" src=\"https:\/\/www.provedor-jus.pt\/wp-content\/themes\/wizors-investments-child\/assets\/images\/no_image_thumbnail.jpg\" alt=\"\" width=\"55\" height=\"90\" class=\"item_image\"><\/div><div class=\"item_content_wrapper\">\n\t\t\t<a href=\"https:\/\/www.provedor-jus.pt\/documentos\/cadernos-da-pandemia-os-sem-abrigo\/\"><div>Cadernos da pandemia. Os sem-abrigo<\/div><\/a>\n\t\t\t<div><div class='documento_filesize_wrapper'>[0.98 MB]<\/div><\/div>\n\t\t\t<div><\/div>\n\t\t\t<div><div class='documento_ano_wrapper '>2021<\/div><\/div>\n\t\t\t<\/div>\n\t\t\t<\/div><div class=\"listagens_item flex_item\"><div class=\"item_image_wrapper\"><img loading=\"lazy\" decoding=\"async\" src=\"https:\/\/www.provedor-jus.pt\/wp-content\/themes\/wizors-investments-child\/assets\/images\/no_image_thumbnail.jpg\" alt=\"\" width=\"55\" height=\"90\" class=\"item_image\"><\/div><div class=\"item_content_wrapper\">\n\t\t\t<a href=\"https:\/\/www.provedor-jus.pt\/documentos\/cadernos-da-pandemia-educacao\/\"><div>Cadernos da pandemia. Educa\u00e7\u00e3o<\/div><\/a>\n\t\t\t<div><div class='documento_filesize_wrapper'>[1.25 MB]<\/div><\/div>\n\t\t\t<div><\/div>\n\t\t\t<div><div class='documento_ano_wrapper '>2021<\/div><\/div>\n\t\t\t<\/div>\n\t\t\t<\/div><div class=\"listagens_item flex_item\"><div class=\"item_image_wrapper\"><img loading=\"lazy\" decoding=\"async\" src=\"https:\/\/www.provedor-jus.pt\/wp-content\/themes\/wizors-investments-child\/assets\/images\/no_image_thumbnail.jpg\" alt=\"\" width=\"55\" height=\"90\" class=\"item_image\"><\/div><div class=\"item_content_wrapper\">\n\t\t\t<a href=\"https:\/\/www.provedor-jus.pt\/documentos\/cadernos-da-pandemia-estado-de-direito\/\"><div>Cadernos da pandemia. Estado de direito<\/div><\/a>\n\t\t\t<div><div class='documento_filesize_wrapper'>[1.39 MB]<\/div><\/div>\n\t\t\t<div><\/div>\n\t\t\t<div><div class='documento_ano_wrapper '>2021<\/div><\/div>\n\t\t\t<\/div>\n\t\t\t<\/div><div class=\"listagens_item flex_item\"><div class=\"item_image_wrapper\"><img loading=\"lazy\" decoding=\"async\" src=\"https:\/\/www.provedor-jus.pt\/wp-content\/themes\/wizors-investments-child\/assets\/images\/no_image_thumbnail.jpg\" alt=\"\" width=\"55\" height=\"90\" class=\"item_image\"><\/div><div class=\"item_content_wrapper\">\n\t\t\t<a href=\"https:\/\/www.provedor-jus.pt\/documentos\/folheto-mnp-quem-somos-e-o-que-fazemos\/\"><div>Folheto MNP &#8211; Quem somos e o que fazemos<\/div><\/a>\n\t\t\t<div><div class='documento_filesize_wrapper'>[4.54 MB]<\/div><\/div>\n\t\t\t<div><\/div>\n\t\t\t<div><div class='documento_ano_wrapper '>2019<\/div><\/div>\n\t\t\t<\/div>\n\t\t\t<\/div><div class=\"listagens_item flex_item\"><div class=\"item_image_wrapper\"><img loading=\"lazy\" decoding=\"async\" src=\"https:\/\/www.provedor-jus.pt\/wp-content\/uploads\/2020\/10\/K_DUDH-70__2__0.PNG\" alt=\"DUDH\" width=\"55\" height=\"90\" class=\"item_image\"><\/div><div class=\"item_content_wrapper\">\n\t\t\t<a href=\"https:\/\/www.provedor-jus.pt\/documentos\/a-provedoria-de-justica-na-salvaguarda-dos-direitos-humanos-edicao-da-provedoria-de-justica-para-as-comemoracoes-do-70-o-aniversario-da-declaracao-universal-dos-direitos-humanos\/\"><div>A Provedoria de Justi\u00e7a na Salvaguarda dos Direitos Humanos: Edi\u00e7\u00e3o da Provedoria de Justi\u00e7a para as Comemora\u00e7\u00f5es do 70.\u00ba Anivers\u00e1rio da Declara\u00e7\u00e3o Universal dos Direitos Humanos<\/div><\/a>\n\t\t\t<div><div class='documento_filesize_wrapper'>[5.93 MB]<\/div><\/div>\n\t\t\t<div><\/div>\n\t\t\t<div><div class='documento_ano_wrapper '>2019<\/div><\/div>\n\t\t\t<\/div>\n\t\t\t<\/div><\/div><div class=\"pagination\"><span aria-current=\"page\" class=\"page-numbers current\">1<\/span>\n<a class=\"page-numbers\" href=\"https:\/\/www.provedor-jus.pt\/en\/wp-json\/wp\/v2\/pages\/19162\/page\/2\/\">2<\/a>\n<a class=\"page-numbers\" href=\"https:\/\/www.provedor-jus.pt\/en\/wp-json\/wp\/v2\/pages\/19162\/page\/3\/\">3<\/a>\n<a class=\"next page-numbers\" href=\"https:\/\/www.provedor-jus.pt\/en\/wp-json\/wp\/v2\/pages\/19162\/page\/2\/\">Next <i><\/i><\/a><\/div><\/div>[\/vc_column][\/vc_row]<\/p>\n<\/div><\/div>","protected":false},"excerpt":{"rendered":"<p><!-- RS_MODULE_CODE_2.5.3 --> <\/p>\n<div id=\"readspeaker_button5654\" class=\"rs_skip rs_preserve\"><a class=\"rs_href\" title=\"Ouvir com ReadSpeaker\" href=\"https:\/\/app-eu.readspeaker.com\/cgi-bin\/rsent?customerid=6394&amp;lang=pt_pt&amp;readid=rspeak_read_5654&amp;url=https%3A%2F%2Fwww.provedor-jus.pt%2Fen%2Fwp-json%2Fwp%2Fv2%2Fpages%2F19162\" onclick=\"readpage(this.href, 'xp5654'); return false;\"><img decoding=\"async\" src=\"https:\/\/www.provedor-jus.pt\/wp-content\/plugins\/enterprise_expanding_hl_wordpress-2x\/img\/icon_16px.gif\" alt=\"Ouvir com ReadSpeaker\" style=\"display: inline-block; margin-right: 5px;\"\/>Ouvir<\/a><\/div>\n<div id=\"xp5654\" class=\"rs_addtools rs_splitbutton rs_preserve rs_skip rs_exp\"><\/div>\n<div id=\"rspeak_read_5654\">[vc_row][vc_column width=&#8221;1\/3&#8243; el_class=&#8221;column_container_left&#8221;][vc_wp_custommenu nav_menu=&#8221;65&#8243; el_class=&#8221;menu-main-menu&#8221;][\/vc_column][vc_column width=&#8221;2\/3&#8243; el_class=&#8221;column_container_right&#8221;][vc_custom_heading text=&#8221;Publications (Only in Portuguese)&#8221; font_container=&#8221;tag:h1|font_size:50px|text_align:left&#8221; google_fonts=&#8221;font_family:Unna%3Aregular|font_style:400%20regular%3A400%3Anormal&#8221;][\/vc_column][\/vc_row]<\/div>\n","protected":false},"author":1,"featured_media":0,"parent":18648,"menu_order":0,"comment_status":"closed","ping_status":"closed","template":"","meta":{"_acf_changed":false,"footnotes":""},"class_list":["post-19162","page","type-page","status-publish","hentry"],"acf":[],"yoast_head":"<!-- This site is optimized with the Yoast SEO plugin v25.2 - https:\/\/yoast.com\/wordpress\/plugins\/seo\/ -->\n<title>Publications - Provedoria de Justi\u00e7a<\/title>\n<meta name=\"robots\" content=\"index, follow, max-snippet:-1, max-image-preview:large, max-video-preview:-1\" \/>\n<link rel=\"canonical\" href=\"https:\/\/www.provedor-jus.pt\/en\/activity\/publications\/\" \/>\n<meta property=\"og:locale\" content=\"en_US\" \/>\n<meta property=\"og:type\" content=\"article\" \/>\n<meta property=\"og:title\" content=\"Publications - Provedoria de Justi\u00e7a\" \/>\n<meta property=\"og:description\" content=\"Ouvir[vc_row][vc_column width=&#8221;1\/3&#8243; el_class=&#8221;column_container_left&#8221;][vc_wp_custommenu nav_menu=&#8221;65&#8243; el_class=&#8221;menu-main-menu&#8221;][\/vc_column][vc_column width=&#8221;2\/3&#8243; el_class=&#8221;column_container_right&#8221;][vc_custom_heading text=&#8221;Publications (Only in Portuguese)&#8221; font_container=&#8221;tag:h1|font_size:50px|text_align:left&#8221; google_fonts=&#8221;font_family:Unna%3Aregular|font_style:400%20regular%3A400%3Anormal&#8221;][\/vc_column][\/vc_row]\" \/>\n<meta property=\"og:url\" content=\"https:\/\/www.provedor-jus.pt\/en\/activity\/publications\/\" \/>\n<meta property=\"og:site_name\" content=\"Provedoria de Justi\u00e7a\" \/>\n<meta property=\"article:modified_time\" content=\"2020-11-12T16:57:37+00:00\" \/>\n<meta name=\"twitter:card\" content=\"summary_large_image\" \/>\n<script type=\"application\/ld+json\" class=\"yoast-schema-graph\">{\"@context\":\"https:\/\/schema.org\",\"@graph\":[{\"@type\":\"WebPage\",\"@id\":\"https:\/\/www.provedor-jus.pt\/en\/activity\/publications\/\",\"url\":\"https:\/\/www.provedor-jus.pt\/en\/activity\/publications\/\",\"name\":\"Publications - Provedoria de Justi\u00e7a\",\"isPartOf\":{\"@id\":\"https:\/\/www.provedor-jus.pt\/#website\"},\"datePublished\":\"2020-09-29T15:49:31+00:00\",\"dateModified\":\"2020-11-12T16:57:37+00:00\",\"breadcrumb\":{\"@id\":\"https:\/\/www.provedor-jus.pt\/en\/activity\/publications\/#breadcrumb\"},\"inLanguage\":\"en-US\",\"potentialAction\":[{\"@type\":\"ReadAction\",\"target\":[\"https:\/\/www.provedor-jus.pt\/en\/activity\/publications\/\"]}]},{\"@type\":\"BreadcrumbList\",\"@id\":\"https:\/\/www.provedor-jus.pt\/en\/activity\/publications\/#breadcrumb\",\"itemListElement\":[{\"@type\":\"ListItem\",\"position\":1,\"name\":\"In\u00edcio\",\"item\":\"https:\/\/www.provedor-jus.pt\/en\/\"},{\"@type\":\"ListItem\",\"position\":2,\"name\":\"Activity\",\"item\":\"\/en\/activity\/annual-reports\/\"},{\"@type\":\"ListItem\",\"position\":3,\"name\":\"Publications\"}]},{\"@type\":\"WebSite\",\"@id\":\"https:\/\/www.provedor-jus.pt\/#website\",\"url\":\"https:\/\/www.provedor-jus.pt\/\",\"name\":\"Provedoria de Justi\u00e7a\",\"description\":\"\",\"publisher\":{\"@id\":\"https:\/\/www.provedor-jus.pt\/#organization\"},\"potentialAction\":[{\"@type\":\"SearchAction\",\"target\":{\"@type\":\"EntryPoint\",\"urlTemplate\":\"https:\/\/www.provedor-jus.pt\/?s={search_term_string}\"},\"query-input\":{\"@type\":\"PropertyValueSpecification\",\"valueRequired\":true,\"valueName\":\"search_term_string\"}}],\"inLanguage\":\"en-US\"},{\"@type\":\"Organization\",\"@id\":\"https:\/\/www.provedor-jus.pt\/#organization\",\"name\":\"Provedoria de Justi\u00e7a\",\"url\":\"https:\/\/www.provedor-jus.pt\/\",\"logo\":{\"@type\":\"ImageObject\",\"inLanguage\":\"en-US\",\"@id\":\"https:\/\/www.provedor-jus.pt\/#\/schema\/logo\/image\/\",\"url\":\"https:\/\/www.provedor-jus.pt\/wp-content\/uploads\/2024\/10\/logo_provedor_50anos.jpg\",\"contentUrl\":\"https:\/\/www.provedor-jus.pt\/wp-content\/uploads\/2024\/10\/logo_provedor_50anos.jpg\",\"width\":2514,\"height\":554,\"caption\":\"Provedoria de Justi\u00e7a\"},\"image\":{\"@id\":\"https:\/\/www.provedor-jus.pt\/#\/schema\/logo\/image\/\"}}]}<\/script>\n<!-- \/ Yoast SEO plugin. -->","yoast_head_json":{"title":"Publications - Provedoria de Justi\u00e7a","robots":{"index":"index","follow":"follow","max-snippet":"max-snippet:-1","max-image-preview":"max-image-preview:large","max-video-preview":"max-video-preview:-1"},"canonical":"https:\/\/www.provedor-jus.pt\/en\/activity\/publications\/","og_locale":"en_US","og_type":"article","og_title":"Publications - Provedoria de Justi\u00e7a","og_description":"Ouvir[vc_row][vc_column width=&#8221;1\/3&#8243; el_class=&#8221;column_container_left&#8221;][vc_wp_custommenu nav_menu=&#8221;65&#8243; el_class=&#8221;menu-main-menu&#8221;][\/vc_column][vc_column width=&#8221;2\/3&#8243; el_class=&#8221;column_container_right&#8221;][vc_custom_heading text=&#8221;Publications (Only in Portuguese)&#8221; font_container=&#8221;tag:h1|font_size:50px|text_align:left&#8221; google_fonts=&#8221;font_family:Unna%3Aregular|font_style:400%20regular%3A400%3Anormal&#8221;][\/vc_column][\/vc_row]","og_url":"https:\/\/www.provedor-jus.pt\/en\/activity\/publications\/","og_site_name":"Provedoria de Justi\u00e7a","article_modified_time":"2020-11-12T16:57:37+00:00","twitter_card":"summary_large_image","schema":{"@context":"https:\/\/schema.org","@graph":[{"@type":"WebPage","@id":"https:\/\/www.provedor-jus.pt\/en\/activity\/publications\/","url":"https:\/\/www.provedor-jus.pt\/en\/activity\/publications\/","name":"Publications - Provedoria de Justi\u00e7a","isPartOf":{"@id":"https:\/\/www.provedor-jus.pt\/#website"},"datePublished":"2020-09-29T15:49:31+00:00","dateModified":"2020-11-12T16:57:37+00:00","breadcrumb":{"@id":"https:\/\/www.provedor-jus.pt\/en\/activity\/publications\/#breadcrumb"},"inLanguage":"en-US","potentialAction":[{"@type":"ReadAction","target":["https:\/\/www.provedor-jus.pt\/en\/activity\/publications\/"]}]},{"@type":"BreadcrumbList","@id":"https:\/\/www.provedor-jus.pt\/en\/activity\/publications\/#breadcrumb","itemListElement":[{"@type":"ListItem","position":1,"name":"In\u00edcio","item":"https:\/\/www.provedor-jus.pt\/en\/"},{"@type":"ListItem","position":2,"name":"Activity","item":"\/en\/activity\/annual-reports\/"},{"@type":"ListItem","position":3,"name":"Publications"}]},{"@type":"WebSite","@id":"https:\/\/www.provedor-jus.pt\/#website","url":"https:\/\/www.provedor-jus.pt\/","name":"Provedoria de Justi\u00e7a","description":"","publisher":{"@id":"https:\/\/www.provedor-jus.pt\/#organization"},"potentialAction":[{"@type":"SearchAction","target":{"@type":"EntryPoint","urlTemplate":"https:\/\/www.provedor-jus.pt\/?s={search_term_string}"},"query-input":{"@type":"PropertyValueSpecification","valueRequired":true,"valueName":"search_term_string"}}],"inLanguage":"en-US"},{"@type":"Organization","@id":"https:\/\/www.provedor-jus.pt\/#organization","name":"Provedoria de Justi\u00e7a","url":"https:\/\/www.provedor-jus.pt\/","logo":{"@type":"ImageObject","inLanguage":"en-US","@id":"https:\/\/www.provedor-jus.pt\/#\/schema\/logo\/image\/","url":"https:\/\/www.provedor-jus.pt\/wp-content\/uploads\/2024\/10\/logo_provedor_50anos.jpg","contentUrl":"https:\/\/www.provedor-jus.pt\/wp-content\/uploads\/2024\/10\/logo_provedor_50anos.jpg","width":2514,"height":554,"caption":"Provedoria de Justi\u00e7a"},"image":{"@id":"https:\/\/www.provedor-jus.pt\/#\/schema\/logo\/image\/"}}]}},"_links":{"self":[{"href":"https:\/\/www.provedor-jus.pt\/en\/wp-json\/wp\/v2\/pages\/19162","targetHints":{"allow":["GET"]}}],"collection":[{"href":"https:\/\/www.provedor-jus.pt\/en\/wp-json\/wp\/v2\/pages"}],"about":[{"href":"https:\/\/www.provedor-jus.pt\/en\/wp-json\/wp\/v2\/types\/page"}],"author":[{"embeddable":true,"href":"https:\/\/www.provedor-jus.pt\/en\/wp-json\/wp\/v2\/users\/1"}],"replies":[{"embeddable":true,"href":"https:\/\/www.provedor-jus.pt\/en\/wp-json\/wp\/v2\/comments?post=19162"}],"version-history":[{"count":1,"href":"https:\/\/www.provedor-jus.pt\/en\/wp-json\/wp\/v2\/pages\/19162\/revisions"}],"predecessor-version":[{"id":24011,"href":"https:\/\/www.provedor-jus.pt\/en\/wp-json\/wp\/v2\/pages\/19162\/revisions\/24011"}],"up":[{"embeddable":true,"href":"https:\/\/www.provedor-jus.pt\/en\/wp-json\/wp\/v2\/pages\/18648"}],"wp:attachment":[{"href":"https:\/\/www.provedor-jus.pt\/en\/wp-json\/wp\/v2\/media?parent=19162"}],"curies":[{"name":"wp","href":"https:\/\/api.w.org\/{rel}","templated":true}]}}