{"id":19252,"date":"2020-10-02T17:28:16","date_gmt":"2020-10-02T16:28:16","guid":{"rendered":"http:\/\/www.provedor-jus.pt\/international-networks\/associacao-de-ombudsman-do-mediterraneo\/"},"modified":"2020-11-13T13:19:45","modified_gmt":"2020-11-13T12:19:45","slug":"mediterranean-ombudsman-association","status":"publish","type":"page","link":"https:\/\/www.provedor-jus.pt\/en\/international-networks\/mediterranean-ombudsman-association\/","title":{"rendered":"Mediterranean Ombudsman Association (AOM)"},"content":{"rendered":"<div class=\"wpb-content-wrapper\"><!-- RS_MODULE_CODE_2.5.3 --> <div id=\"readspeaker_button19252\" class=\"rs_skip rs_preserve\"><a class=\"rs_href\" title=\"Ouvir com ReadSpeaker\" href=\"https:\/\/app-eu.readspeaker.com\/cgi-bin\/rsent?customerid=6394&amp;lang=pt_pt&amp;readid=rspeak_read_19252&amp;url=https%3A%2F%2Fwww.provedor-jus.pt%2Fen%2Fwp-json%2Fwp%2Fv2%2Fpages%2F19252\" onclick=\"readpage(this.href, 'xp19252'); return false;\"><img decoding=\"async\" src=\"https:\/\/www.provedor-jus.pt\/wp-content\/plugins\/enterprise_expanding_hl_wordpress-2x\/img\/icon_16px.gif\" alt=\"Ouvir com ReadSpeaker\" style=\"display: inline-block; margin-right: 5px;\"\/>Ouvir<\/a><\/div><div id=\"xp19252\" class=\"rs_addtools rs_splitbutton rs_preserve rs_skip rs_exp\"><\/div><div id=\"rspeak_read_19252\"><p>[vc_row][vc_column width=&#8221;1\/3&#8243; el_class=&#8221;column_container_left&#8221;][vc_wp_custommenu nav_menu=&#8221;131&#8243; el_class=&#8221;menu-main-menu&#8221;][\/vc_column][vc_column width=&#8221;2\/3&#8243; el_class=&#8221;column_container_right&#8221;][vc_custom_heading text=&#8221;Associa\u00e7\u00e3o de Ombudsman do Mediterr\u00e2neo (AOM)&#8221; font_container=&#8221;tag:h1|font_size:50px|text_align:left&#8221; google_fonts=&#8221;font_family:Unna%3Aregular|font_style:400%20regular%3A400%3Anormal&#8221;][vc_column_text]The Ombudsman is a member of the Association of Mediterranean Ombudsman (AOM), created in 2008 in Marseille, France.\u00a0This organization is engaged in the promotion and defense of democracy, the rule of law and social peace in the Mediterranean area, ensuring respect for international human rights standards.<\/p>\n<p>The Ombudsman participated, from the outset, in the meetings of the Ombudsmen of the Mediterranean countries that institutionalized AOM.<\/p>\n<p>To learn more about the human rights system of the AOM, visit <a href=\"http:\/\/www.ombudsman-med.org\/\">here<\/a> its website.[\/vc_column_text][\/vc_column][\/vc_row]<\/p>\n<\/div><\/div>","protected":false},"excerpt":{"rendered":"<p><!-- RS_MODULE_CODE_2.5.3 --> <\/p>\n<div id=\"readspeaker_button19252\" class=\"rs_skip rs_preserve\"><a class=\"rs_href\" title=\"Ouvir com ReadSpeaker\" href=\"https:\/\/app-eu.readspeaker.com\/cgi-bin\/rsent?customerid=6394&amp;lang=pt_pt&amp;readid=rspeak_read_19252&amp;url=https%3A%2F%2Fwww.provedor-jus.pt%2Fen%2Fwp-json%2Fwp%2Fv2%2Fpages%2F19252\" onclick=\"readpage(this.href, 'xp19252'); return false;\"><img decoding=\"async\" src=\"https:\/\/www.provedor-jus.pt\/wp-content\/plugins\/enterprise_expanding_hl_wordpress-2x\/img\/icon_16px.gif\" alt=\"Ouvir com ReadSpeaker\" style=\"display: inline-block; margin-right: 5px;\"\/>Ouvir<\/a><\/div>\n<div id=\"xp19252\" class=\"rs_addtools rs_splitbutton rs_preserve rs_skip rs_exp\"><\/div>\n<div id=\"rspeak_read_19252\">[vc_row][vc_column width=&#8221;1\/3&#8243; el_class=&#8221;column_container_left&#8221;][vc_wp_custommenu nav_menu=&#8221;131&#8243; el_class=&#8221;menu-main-menu&#8221;][\/vc_column][vc_column width=&#8221;2\/3&#8243; el_class=&#8221;column_container_right&#8221;][vc_custom_heading text=&#8221;Associa\u00e7\u00e3o de Ombudsman do Mediterr\u00e2neo (AOM)&#8221; font_container=&#8221;tag:h1|font_size:50px|text_align:left&#8221; google_fonts=&#8221;font_family:Unna%3Aregular|font_style:400%20regular%3A400%3Anormal&#8221;][vc_column_text]The Ombudsman is a member of the Association of Mediterranean Ombudsman (AOM), created in 2008 in Marseille, France.\u00a0This organization is engaged in the promotion and defense of democracy, the rule of law and social peace in the Mediterranean area, ensuring respect for international human rights standards.&hellip;<\/div>\n","protected":false},"author":1,"featured_media":0,"parent":19123,"menu_order":0,"comment_status":"closed","ping_status":"closed","template":"","meta":{"_acf_changed":false,"footnotes":""},"class_list":["post-19252","page","type-page","status-publish","hentry"],"acf":[],"yoast_head":"<!-- This site is optimized with the Yoast SEO plugin v25.2 - https:\/\/yoast.com\/wordpress\/plugins\/seo\/ -->\n<title>Mediterranean Ombudsman Association (AOM) - Provedoria de Justi\u00e7a<\/title>\n<meta name=\"robots\" content=\"index, follow, max-snippet:-1, max-image-preview:large, max-video-preview:-1\" \/>\n<link rel=\"canonical\" href=\"https:\/\/www.provedor-jus.pt\/en\/international-networks\/mediterranean-ombudsman-association\/\" \/>\n<meta property=\"og:locale\" content=\"en_US\" \/>\n<meta property=\"og:type\" content=\"article\" \/>\n<meta property=\"og:title\" content=\"Mediterranean Ombudsman Association (AOM) - Provedoria de Justi\u00e7a\" \/>\n<meta property=\"og:description\" content=\"Ouvir[vc_row][vc_column width=&#8221;1\/3&#8243; el_class=&#8221;column_container_left&#8221;][vc_wp_custommenu nav_menu=&#8221;131&#8243; el_class=&#8221;menu-main-menu&#8221;][\/vc_column][vc_column width=&#8221;2\/3&#8243; el_class=&#8221;column_container_right&#8221;][vc_custom_heading text=&#8221;Associa\u00e7\u00e3o de Ombudsman do Mediterr\u00e2neo (AOM)&#8221; font_container=&#8221;tag:h1|font_size:50px|text_align:left&#8221; google_fonts=&#8221;font_family:Unna%3Aregular|font_style:400%20regular%3A400%3Anormal&#8221;][vc_column_text]The Ombudsman is a member of the Association of Mediterranean Ombudsman (AOM), created in 2008 in Marseille, France.\u00a0This organization is engaged in the promotion and defense of democracy, the rule of law and social peace in the Mediterranean area, ensuring respect for international human rights standards.&hellip;\" \/>\n<meta property=\"og:url\" content=\"https:\/\/www.provedor-jus.pt\/en\/international-networks\/mediterranean-ombudsman-association\/\" \/>\n<meta property=\"og:site_name\" content=\"Provedoria de Justi\u00e7a\" \/>\n<meta property=\"article:modified_time\" content=\"2020-11-13T12:19:45+00:00\" \/>\n<meta name=\"twitter:card\" content=\"summary_large_image\" \/>\n<meta name=\"twitter:label1\" content=\"Est. reading time\" \/>\n\t<meta name=\"twitter:data1\" content=\"1 minute\" \/>\n<script type=\"application\/ld+json\" class=\"yoast-schema-graph\">{\"@context\":\"https:\/\/schema.org\",\"@graph\":[{\"@type\":\"WebPage\",\"@id\":\"https:\/\/www.provedor-jus.pt\/en\/international-networks\/mediterranean-ombudsman-association\/\",\"url\":\"https:\/\/www.provedor-jus.pt\/en\/international-networks\/mediterranean-ombudsman-association\/\",\"name\":\"Mediterranean Ombudsman Association (AOM) - Provedoria de Justi\u00e7a\",\"isPartOf\":{\"@id\":\"https:\/\/www.provedor-jus.pt\/#website\"},\"datePublished\":\"2020-10-02T16:28:16+00:00\",\"dateModified\":\"2020-11-13T12:19:45+00:00\",\"breadcrumb\":{\"@id\":\"https:\/\/www.provedor-jus.pt\/en\/international-networks\/mediterranean-ombudsman-association\/#breadcrumb\"},\"inLanguage\":\"en-US\",\"potentialAction\":[{\"@type\":\"ReadAction\",\"target\":[\"https:\/\/www.provedor-jus.pt\/en\/international-networks\/mediterranean-ombudsman-association\/\"]}]},{\"@type\":\"BreadcrumbList\",\"@id\":\"https:\/\/www.provedor-jus.pt\/en\/international-networks\/mediterranean-ombudsman-association\/#breadcrumb\",\"itemListElement\":[{\"@type\":\"ListItem\",\"position\":1,\"name\":\"In\u00edcio\",\"item\":\"https:\/\/www.provedor-jus.pt\/en\/\"},{\"@type\":\"ListItem\",\"position\":2,\"name\":\"International networks\",\"item\":\"\/en\/international-networks\/international-activity\/\"},{\"@type\":\"ListItem\",\"position\":3,\"name\":\"Mediterranean Ombudsman Association (AOM)\"}]},{\"@type\":\"WebSite\",\"@id\":\"https:\/\/www.provedor-jus.pt\/#website\",\"url\":\"https:\/\/www.provedor-jus.pt\/\",\"name\":\"Provedoria de Justi\u00e7a\",\"description\":\"\",\"publisher\":{\"@id\":\"https:\/\/www.provedor-jus.pt\/#organization\"},\"potentialAction\":[{\"@type\":\"SearchAction\",\"target\":{\"@type\":\"EntryPoint\",\"urlTemplate\":\"https:\/\/www.provedor-jus.pt\/?s={search_term_string}\"},\"query-input\":{\"@type\":\"PropertyValueSpecification\",\"valueRequired\":true,\"valueName\":\"search_term_string\"}}],\"inLanguage\":\"en-US\"},{\"@type\":\"Organization\",\"@id\":\"https:\/\/www.provedor-jus.pt\/#organization\",\"name\":\"Provedoria de Justi\u00e7a\",\"url\":\"https:\/\/www.provedor-jus.pt\/\",\"logo\":{\"@type\":\"ImageObject\",\"inLanguage\":\"en-US\",\"@id\":\"https:\/\/www.provedor-jus.pt\/#\/schema\/logo\/image\/\",\"url\":\"https:\/\/www.provedor-jus.pt\/wp-content\/uploads\/2024\/10\/logo_provedor_50anos.jpg\",\"contentUrl\":\"https:\/\/www.provedor-jus.pt\/wp-content\/uploads\/2024\/10\/logo_provedor_50anos.jpg\",\"width\":2514,\"height\":554,\"caption\":\"Provedoria de Justi\u00e7a\"},\"image\":{\"@id\":\"https:\/\/www.provedor-jus.pt\/#\/schema\/logo\/image\/\"}}]}<\/script>\n<!-- \/ Yoast SEO plugin. -->","yoast_head_json":{"title":"Mediterranean Ombudsman Association (AOM) - Provedoria de Justi\u00e7a","robots":{"index":"index","follow":"follow","max-snippet":"max-snippet:-1","max-image-preview":"max-image-preview:large","max-video-preview":"max-video-preview:-1"},"canonical":"https:\/\/www.provedor-jus.pt\/en\/international-networks\/mediterranean-ombudsman-association\/","og_locale":"en_US","og_type":"article","og_title":"Mediterranean Ombudsman Association (AOM) - Provedoria de Justi\u00e7a","og_description":"Ouvir[vc_row][vc_column width=&#8221;1\/3&#8243; el_class=&#8221;column_container_left&#8221;][vc_wp_custommenu nav_menu=&#8221;131&#8243; el_class=&#8221;menu-main-menu&#8221;][\/vc_column][vc_column width=&#8221;2\/3&#8243; el_class=&#8221;column_container_right&#8221;][vc_custom_heading text=&#8221;Associa\u00e7\u00e3o de Ombudsman do Mediterr\u00e2neo (AOM)&#8221; font_container=&#8221;tag:h1|font_size:50px|text_align:left&#8221; google_fonts=&#8221;font_family:Unna%3Aregular|font_style:400%20regular%3A400%3Anormal&#8221;][vc_column_text]The Ombudsman is a member of the Association of Mediterranean Ombudsman (AOM), created in 2008 in Marseille, France.\u00a0This organization is engaged in the promotion and defense of democracy, the rule of law and social peace in the Mediterranean area, ensuring respect for international human rights standards.&hellip;","og_url":"https:\/\/www.provedor-jus.pt\/en\/international-networks\/mediterranean-ombudsman-association\/","og_site_name":"Provedoria de Justi\u00e7a","article_modified_time":"2020-11-13T12:19:45+00:00","twitter_card":"summary_large_image","twitter_misc":{"Est. reading time":"1 minute"},"schema":{"@context":"https:\/\/schema.org","@graph":[{"@type":"WebPage","@id":"https:\/\/www.provedor-jus.pt\/en\/international-networks\/mediterranean-ombudsman-association\/","url":"https:\/\/www.provedor-jus.pt\/en\/international-networks\/mediterranean-ombudsman-association\/","name":"Mediterranean Ombudsman Association (AOM) - Provedoria de Justi\u00e7a","isPartOf":{"@id":"https:\/\/www.provedor-jus.pt\/#website"},"datePublished":"2020-10-02T16:28:16+00:00","dateModified":"2020-11-13T12:19:45+00:00","breadcrumb":{"@id":"https:\/\/www.provedor-jus.pt\/en\/international-networks\/mediterranean-ombudsman-association\/#breadcrumb"},"inLanguage":"en-US","potentialAction":[{"@type":"ReadAction","target":["https:\/\/www.provedor-jus.pt\/en\/international-networks\/mediterranean-ombudsman-association\/"]}]},{"@type":"BreadcrumbList","@id":"https:\/\/www.provedor-jus.pt\/en\/international-networks\/mediterranean-ombudsman-association\/#breadcrumb","itemListElement":[{"@type":"ListItem","position":1,"name":"In\u00edcio","item":"https:\/\/www.provedor-jus.pt\/en\/"},{"@type":"ListItem","position":2,"name":"International networks","item":"\/en\/international-networks\/international-activity\/"},{"@type":"ListItem","position":3,"name":"Mediterranean Ombudsman Association (AOM)"}]},{"@type":"WebSite","@id":"https:\/\/www.provedor-jus.pt\/#website","url":"https:\/\/www.provedor-jus.pt\/","name":"Provedoria de Justi\u00e7a","description":"","publisher":{"@id":"https:\/\/www.provedor-jus.pt\/#organization"},"potentialAction":[{"@type":"SearchAction","target":{"@type":"EntryPoint","urlTemplate":"https:\/\/www.provedor-jus.pt\/?s={search_term_string}"},"query-input":{"@type":"PropertyValueSpecification","valueRequired":true,"valueName":"search_term_string"}}],"inLanguage":"en-US"},{"@type":"Organization","@id":"https:\/\/www.provedor-jus.pt\/#organization","name":"Provedoria de Justi\u00e7a","url":"https:\/\/www.provedor-jus.pt\/","logo":{"@type":"ImageObject","inLanguage":"en-US","@id":"https:\/\/www.provedor-jus.pt\/#\/schema\/logo\/image\/","url":"https:\/\/www.provedor-jus.pt\/wp-content\/uploads\/2024\/10\/logo_provedor_50anos.jpg","contentUrl":"https:\/\/www.provedor-jus.pt\/wp-content\/uploads\/2024\/10\/logo_provedor_50anos.jpg","width":2514,"height":554,"caption":"Provedoria de Justi\u00e7a"},"image":{"@id":"https:\/\/www.provedor-jus.pt\/#\/schema\/logo\/image\/"}}]}},"_links":{"self":[{"href":"https:\/\/www.provedor-jus.pt\/en\/wp-json\/wp\/v2\/pages\/19252","targetHints":{"allow":["GET"]}}],"collection":[{"href":"https:\/\/www.provedor-jus.pt\/en\/wp-json\/wp\/v2\/pages"}],"about":[{"href":"https:\/\/www.provedor-jus.pt\/en\/wp-json\/wp\/v2\/types\/page"}],"author":[{"embeddable":true,"href":"https:\/\/www.provedor-jus.pt\/en\/wp-json\/wp\/v2\/users\/1"}],"replies":[{"embeddable":true,"href":"https:\/\/www.provedor-jus.pt\/en\/wp-json\/wp\/v2\/comments?post=19252"}],"version-history":[{"count":0,"href":"https:\/\/www.provedor-jus.pt\/en\/wp-json\/wp\/v2\/pages\/19252\/revisions"}],"up":[{"embeddable":true,"href":"https:\/\/www.provedor-jus.pt\/en\/wp-json\/wp\/v2\/pages\/19123"}],"wp:attachment":[{"href":"https:\/\/www.provedor-jus.pt\/en\/wp-json\/wp\/v2\/media?parent=19252"}],"curies":[{"name":"wp","href":"https:\/\/api.w.org\/{rel}","templated":true}]}}