{"id":19298,"date":"2020-10-06T10:16:54","date_gmt":"2020-10-06T09:16:54","guid":{"rendered":"http:\/\/www.provedor-jus.pt\/national-preventive-machanism\/relatorios-anuais-de-atividade-mnp\/"},"modified":"2020-11-13T17:54:49","modified_gmt":"2020-11-13T16:54:49","slug":"annual-reports","status":"publish","type":"page","link":"https:\/\/www.provedor-jus.pt\/en\/national-preventive-machanism\/annual-reports\/","title":{"rendered":"Annual Reports"},"content":{"rendered":"<div class=\"wpb-content-wrapper\"><!-- RS_MODULE_CODE_2.5.3 --> <div id=\"readspeaker_button19298\" class=\"rs_skip rs_preserve\"><a class=\"rs_href\" title=\"Ouvir com ReadSpeaker\" href=\"https:\/\/app-eu.readspeaker.com\/cgi-bin\/rsent?customerid=6394&amp;lang=pt_pt&amp;readid=rspeak_read_19298&amp;url=https%3A%2F%2Fwww.provedor-jus.pt%2Fen%2Fwp-json%2Fwp%2Fv2%2Fpages%2F19298\" onclick=\"readpage(this.href, 'xp19298'); return false;\"><img decoding=\"async\" src=\"https:\/\/www.provedor-jus.pt\/wp-content\/plugins\/enterprise_expanding_hl_wordpress-2x\/img\/icon_16px.gif\" alt=\"Ouvir com ReadSpeaker\" style=\"display: inline-block; margin-right: 5px;\"\/>Ouvir<\/a><\/div><div id=\"xp19298\" class=\"rs_addtools rs_splitbutton rs_preserve rs_skip rs_exp\"><\/div><div id=\"rspeak_read_19298\"><p>[vc_row][vc_column width=&#8221;1\/3&#8243; el_class=&#8221;column_container_left&#8221;][vc_wp_custommenu nav_menu=&#8221;128&#8243; el_class=&#8221;menu-main-menu&#8221;][\/vc_column][vc_column width=&#8221;2\/3&#8243; el_class=&#8221;column_container_right&#8221;][vc_custom_heading text=&#8221;Annual Reports&#8221; font_container=&#8221;tag:h1|font_size:50px|text_align:left&#8221; google_fonts=&#8221;font_family:Unna%3Aregular|font_style:400%20regular%3A400%3Anormal&#8221;]<div class=\"listagens_wrapper\"><div class=\"listagens_posts_wrapper\"><div class=\"listagens_item flex_item\"><div class=\"item_image_wrapper\"><img loading=\"lazy\" decoding=\"async\" src=\"https:\/\/www.provedor-jus.pt\/wp-content\/uploads\/2024\/07\/MNP-2023.jpg\" alt=\"\" width=\"55\" height=\"90\" class=\"item_image\"><\/div><div class=\"item_content_wrapper\">\n\t\t\t<a href=\"https:\/\/www.provedor-jus.pt\/en\/documentos\/relatorio-a-assembleia-da-republica-2023-mnp\/\"><div>Relat\u00f3rio \u00e0 Assembleia da Rep\u00fablica 2023 &#8211; MNP<\/div><\/a>\n\t\t\t<div><div class='documento_filesize_wrapper'>[0.73 MB]<\/div><\/div>\n\t\t\t<div><\/div>\n\t\t\t<div><div class='documento_ano_wrapper '>2024<\/div><\/div>\n\t\t\t<\/div>\n\t\t\t<\/div><div class=\"listagens_item flex_item\"><div class=\"item_image_wrapper\"><img loading=\"lazy\" decoding=\"async\" src=\"https:\/\/www.provedor-jus.pt\/wp-content\/uploads\/2023\/06\/capa_relatorio_MNP_2022-e1688120454884.jpg\" alt=\"\" width=\"55\" height=\"90\" class=\"item_image\"><\/div><div class=\"item_content_wrapper\">\n\t\t\t<a href=\"https:\/\/www.provedor-jus.pt\/en\/documentos\/relatorio-a-assembleia-da-republica-2022-mecanismo-nacional-de-prevencao\/\"><div>Relat\u00f3rio \u00e0 Assembleia da Rep\u00fablica 2022 \u2013 Mecanismo Nacional de Preven\u00e7\u00e3o<\/div><\/a>\n\t\t\t<div><div class='documento_filesize_wrapper'>[0.77 MB]<\/div><\/div>\n\t\t\t<div><\/div>\n\t\t\t<div><div class='documento_ano_wrapper '>2023<\/div><\/div>\n\t\t\t<\/div>\n\t\t\t<\/div><div class=\"listagens_item flex_item\"><div class=\"item_image_wrapper\"><img loading=\"lazy\" decoding=\"async\" src=\"https:\/\/www.provedor-jus.pt\/wp-content\/uploads\/2022\/07\/mecan_2021.jpg\" alt=\"capa de relat\u00f3rio\" width=\"55\" height=\"90\" class=\"item_image\"><\/div><div class=\"item_content_wrapper\">\n\t\t\t<a href=\"https:\/\/www.provedor-jus.pt\/en\/documentos\/relatorio-a-assembleia-da-republica-2021-mecanismo-nacional-de-prevencao\/\"><div>Relat\u00f3rio \u00e0 Assembleia da Rep\u00fablica 2021 \u2013 Mecanismo Nacional de Preven\u00e7\u00e3o<\/div><\/a>\n\t\t\t<div><div class='documento_filesize_wrapper'>[1.35 MB]<\/div><\/div>\n\t\t\t<div><\/div>\n\t\t\t<div><div class='documento_ano_wrapper '>2022<\/div><\/div>\n\t\t\t<\/div>\n\t\t\t<\/div><div class=\"listagens_item flex_item\"><div class=\"item_image_wrapper\"><img loading=\"lazy\" decoding=\"async\" src=\"https:\/\/www.provedor-jus.pt\/wp-content\/uploads\/2021\/06\/CapaMNP_relatorioa_2020-scaled-e1624616429857.jpg\" alt=\"capa relat\u00f3rio\" width=\"55\" height=\"90\" class=\"item_image\"><\/div><div class=\"item_content_wrapper\">\n\t\t\t<a href=\"https:\/\/www.provedor-jus.pt\/en\/documentos\/relatorio-a-assembleia-da-republica-2020-mecanismo-nacional-de-prevencao\/\"><div>Relat\u00f3rio \u00e0 Assembleia da Rep\u00fablica 2020 &#8211; Mecanismo Nacional de Preven\u00e7\u00e3o<\/div><\/a>\n\t\t\t<div><div class='documento_filesize_wrapper'>[1.62 MB]<\/div><\/div>\n\t\t\t<div><\/div>\n\t\t\t<div><div class='documento_ano_wrapper '>2021<\/div><\/div>\n\t\t\t<\/div>\n\t\t\t<\/div><div class=\"listagens_item flex_item\"><div class=\"item_image_wrapper\"><img loading=\"lazy\" decoding=\"async\" src=\"https:\/\/www.provedor-jus.pt\/wp-content\/uploads\/2020\/10\/Relatorio_a_Assembleia_da_Republica_2014.jpg\" alt=\"Relatorio a Assembleia da Republica 2014\" width=\"55\" height=\"90\" class=\"item_image\"><\/div><div class=\"item_content_wrapper\">\n\t\t\t<a href=\"https:\/\/www.provedor-jus.pt\/en\/documentos\/national-preventive-mechanism-report-to-the-parliament-2016\/\"><div>National Preventive Mechanism Report to the Parliament 2016<\/div><\/a>\n\t\t\t<div><div class='documento_filesize_wrapper'>[1.56 MB]<\/div><\/div>\n\t\t\t<div><\/div>\n\t\t\t<div><div class='documento_ano_wrapper '>2017<\/div><\/div>\n\t\t\t<\/div>\n\t\t\t<\/div><div class=\"listagens_item flex_item\"><div class=\"item_image_wrapper\"><img loading=\"lazy\" decoding=\"async\" src=\"https:\/\/www.provedor-jus.pt\/wp-content\/uploads\/2020\/10\/Relatorio_a_Assembleia_da_Republica_2014_MNP.jpg\" alt=\"Relatorio a Assembleia da Republica 2014 MNP\" width=\"55\" height=\"90\" class=\"item_image\"><\/div><div class=\"item_content_wrapper\">\n\t\t\t<a href=\"https:\/\/www.provedor-jus.pt\/en\/documentos\/portuguese-ombudsman-national-preventive-mecanism-2015\/\"><div>Portuguese Ombudsman &#8211; National Preventive Mecanism 2015<\/div><\/a>\n\t\t\t<div><div class='documento_filesize_wrapper'>[3.18 MB]<\/div><\/div>\n\t\t\t<div><\/div>\n\t\t\t<div><div class='documento_ano_wrapper '>2016<\/div><\/div>\n\t\t\t<\/div>\n\t\t\t<\/div><div class=\"listagens_item flex_item\"><div class=\"item_image_wrapper\"><img loading=\"lazy\" decoding=\"async\" src=\"https:\/\/www.provedor-jus.pt\/wp-content\/uploads\/2020\/10\/Relatorio_a_Assembleia_da_Republica_2014_MNP.jpg\" alt=\"Relatorio a Assembleia da Republica 2014 MNP\" width=\"55\" height=\"90\" class=\"item_image\"><\/div><div class=\"item_content_wrapper\">\n\t\t\t<a href=\"https:\/\/www.provedor-jus.pt\/en\/documentos\/portuguese-ombudsman-national-preventive-mecanism-2014\/\"><div>Portuguese Ombudsman &#8211; National Preventive Mecanism 2014<\/div><\/a>\n\t\t\t<div><div class='documento_filesize_wrapper'>[0.64 MB]<\/div><\/div>\n\t\t\t<div><\/div>\n\t\t\t<div><div class='documento_ano_wrapper '>2015<\/div><\/div>\n\t\t\t<\/div>\n\t\t\t<\/div><\/div><\/div>[\/vc_column][\/vc_row]<\/p>\n<\/div><\/div>","protected":false},"excerpt":{"rendered":"<p><!-- RS_MODULE_CODE_2.5.3 --> <\/p>\n<div id=\"readspeaker_button5703\" class=\"rs_skip rs_preserve\"><a class=\"rs_href\" title=\"Ouvir com ReadSpeaker\" href=\"https:\/\/app-eu.readspeaker.com\/cgi-bin\/rsent?customerid=6394&amp;lang=pt_pt&amp;readid=rspeak_read_5703&amp;url=https%3A%2F%2Fwww.provedor-jus.pt%2Fen%2Fwp-json%2Fwp%2Fv2%2Fpages%2F19298\" onclick=\"readpage(this.href, 'xp5703'); return false;\"><img decoding=\"async\" src=\"https:\/\/www.provedor-jus.pt\/wp-content\/plugins\/enterprise_expanding_hl_wordpress-2x\/img\/icon_16px.gif\" alt=\"Ouvir com ReadSpeaker\" style=\"display: inline-block; margin-right: 5px;\"\/>Ouvir<\/a><\/div>\n<div id=\"xp5703\" class=\"rs_addtools rs_splitbutton rs_preserve rs_skip rs_exp\"><\/div>\n<div id=\"rspeak_read_5703\">[vc_row][vc_column width=&#8221;1\/3&#8243; el_class=&#8221;column_container_left&#8221;][vc_wp_custommenu nav_menu=&#8221;128&#8243; el_class=&#8221;menu-main-menu&#8221;][\/vc_column][vc_column width=&#8221;2\/3&#8243; el_class=&#8221;column_container_right&#8221;][vc_custom_heading text=&#8221;Annual Reports&#8221; font_container=&#8221;tag:h1|font_size:50px|text_align:left&#8221; google_fonts=&#8221;font_family:Unna%3Aregular|font_style:400%20regular%3A400%3Anormal&#8221;][\/vc_column][\/vc_row]<\/div>\n","protected":false},"author":1,"featured_media":0,"parent":19233,"menu_order":0,"comment_status":"closed","ping_status":"closed","template":"","meta":{"_acf_changed":false,"footnotes":""},"class_list":["post-19298","page","type-page","status-publish","hentry"],"acf":[],"yoast_head":"<!-- This site is optimized with the Yoast SEO plugin v25.2 - https:\/\/yoast.com\/wordpress\/plugins\/seo\/ -->\n<title>Annual Reports - Provedoria de Justi\u00e7a<\/title>\n<meta name=\"robots\" content=\"index, follow, max-snippet:-1, max-image-preview:large, max-video-preview:-1\" \/>\n<link rel=\"canonical\" href=\"https:\/\/www.provedor-jus.pt\/en\/national-preventive-machanism\/annual-reports\/\" \/>\n<meta property=\"og:locale\" content=\"en_US\" \/>\n<meta property=\"og:type\" content=\"article\" \/>\n<meta property=\"og:title\" content=\"Annual Reports - Provedoria de Justi\u00e7a\" \/>\n<meta property=\"og:description\" content=\"Ouvir[vc_row][vc_column width=&#8221;1\/3&#8243; el_class=&#8221;column_container_left&#8221;][vc_wp_custommenu nav_menu=&#8221;128&#8243; el_class=&#8221;menu-main-menu&#8221;][\/vc_column][vc_column width=&#8221;2\/3&#8243; el_class=&#8221;column_container_right&#8221;][vc_custom_heading text=&#8221;Annual Reports&#8221; font_container=&#8221;tag:h1|font_size:50px|text_align:left&#8221; google_fonts=&#8221;font_family:Unna%3Aregular|font_style:400%20regular%3A400%3Anormal&#8221;][\/vc_column][\/vc_row]\" \/>\n<meta property=\"og:url\" content=\"https:\/\/www.provedor-jus.pt\/en\/national-preventive-machanism\/annual-reports\/\" \/>\n<meta property=\"og:site_name\" content=\"Provedoria de Justi\u00e7a\" \/>\n<meta property=\"article:modified_time\" content=\"2020-11-13T16:54:49+00:00\" \/>\n<meta name=\"twitter:card\" content=\"summary_large_image\" \/>\n<script type=\"application\/ld+json\" class=\"yoast-schema-graph\">{\"@context\":\"https:\/\/schema.org\",\"@graph\":[{\"@type\":\"WebPage\",\"@id\":\"https:\/\/www.provedor-jus.pt\/en\/national-preventive-machanism\/annual-reports\/\",\"url\":\"https:\/\/www.provedor-jus.pt\/en\/national-preventive-machanism\/annual-reports\/\",\"name\":\"Annual Reports - Provedoria de Justi\u00e7a\",\"isPartOf\":{\"@id\":\"https:\/\/www.provedor-jus.pt\/#website\"},\"datePublished\":\"2020-10-06T09:16:54+00:00\",\"dateModified\":\"2020-11-13T16:54:49+00:00\",\"breadcrumb\":{\"@id\":\"https:\/\/www.provedor-jus.pt\/en\/national-preventive-machanism\/annual-reports\/#breadcrumb\"},\"inLanguage\":\"en-US\",\"potentialAction\":[{\"@type\":\"ReadAction\",\"target\":[\"https:\/\/www.provedor-jus.pt\/en\/national-preventive-machanism\/annual-reports\/\"]}]},{\"@type\":\"BreadcrumbList\",\"@id\":\"https:\/\/www.provedor-jus.pt\/en\/national-preventive-machanism\/annual-reports\/#breadcrumb\",\"itemListElement\":[{\"@type\":\"ListItem\",\"position\":1,\"name\":\"In\u00edcio\",\"item\":\"https:\/\/www.provedor-jus.pt\/en\/\"},{\"@type\":\"ListItem\",\"position\":2,\"name\":\"National Preventive Mechanism\",\"item\":\"\/en\/national-preventive-mechanism\/the-ombusdman-as-national-preventive-mechanism\/\"},{\"@type\":\"ListItem\",\"position\":3,\"name\":\"Annual Reports\"}]},{\"@type\":\"WebSite\",\"@id\":\"https:\/\/www.provedor-jus.pt\/#website\",\"url\":\"https:\/\/www.provedor-jus.pt\/\",\"name\":\"Provedoria de Justi\u00e7a\",\"description\":\"\",\"publisher\":{\"@id\":\"https:\/\/www.provedor-jus.pt\/#organization\"},\"potentialAction\":[{\"@type\":\"SearchAction\",\"target\":{\"@type\":\"EntryPoint\",\"urlTemplate\":\"https:\/\/www.provedor-jus.pt\/?s={search_term_string}\"},\"query-input\":{\"@type\":\"PropertyValueSpecification\",\"valueRequired\":true,\"valueName\":\"search_term_string\"}}],\"inLanguage\":\"en-US\"},{\"@type\":\"Organization\",\"@id\":\"https:\/\/www.provedor-jus.pt\/#organization\",\"name\":\"Provedoria de Justi\u00e7a\",\"url\":\"https:\/\/www.provedor-jus.pt\/\",\"logo\":{\"@type\":\"ImageObject\",\"inLanguage\":\"en-US\",\"@id\":\"https:\/\/www.provedor-jus.pt\/#\/schema\/logo\/image\/\",\"url\":\"https:\/\/www.provedor-jus.pt\/wp-content\/uploads\/2024\/10\/logo_provedor_50anos.jpg\",\"contentUrl\":\"https:\/\/www.provedor-jus.pt\/wp-content\/uploads\/2024\/10\/logo_provedor_50anos.jpg\",\"width\":2514,\"height\":554,\"caption\":\"Provedoria de Justi\u00e7a\"},\"image\":{\"@id\":\"https:\/\/www.provedor-jus.pt\/#\/schema\/logo\/image\/\"}}]}<\/script>\n<!-- \/ Yoast SEO plugin. -->","yoast_head_json":{"title":"Annual Reports - Provedoria de Justi\u00e7a","robots":{"index":"index","follow":"follow","max-snippet":"max-snippet:-1","max-image-preview":"max-image-preview:large","max-video-preview":"max-video-preview:-1"},"canonical":"https:\/\/www.provedor-jus.pt\/en\/national-preventive-machanism\/annual-reports\/","og_locale":"en_US","og_type":"article","og_title":"Annual Reports - Provedoria de Justi\u00e7a","og_description":"Ouvir[vc_row][vc_column width=&#8221;1\/3&#8243; el_class=&#8221;column_container_left&#8221;][vc_wp_custommenu nav_menu=&#8221;128&#8243; el_class=&#8221;menu-main-menu&#8221;][\/vc_column][vc_column width=&#8221;2\/3&#8243; el_class=&#8221;column_container_right&#8221;][vc_custom_heading text=&#8221;Annual Reports&#8221; font_container=&#8221;tag:h1|font_size:50px|text_align:left&#8221; google_fonts=&#8221;font_family:Unna%3Aregular|font_style:400%20regular%3A400%3Anormal&#8221;][\/vc_column][\/vc_row]","og_url":"https:\/\/www.provedor-jus.pt\/en\/national-preventive-machanism\/annual-reports\/","og_site_name":"Provedoria de Justi\u00e7a","article_modified_time":"2020-11-13T16:54:49+00:00","twitter_card":"summary_large_image","schema":{"@context":"https:\/\/schema.org","@graph":[{"@type":"WebPage","@id":"https:\/\/www.provedor-jus.pt\/en\/national-preventive-machanism\/annual-reports\/","url":"https:\/\/www.provedor-jus.pt\/en\/national-preventive-machanism\/annual-reports\/","name":"Annual Reports - Provedoria de Justi\u00e7a","isPartOf":{"@id":"https:\/\/www.provedor-jus.pt\/#website"},"datePublished":"2020-10-06T09:16:54+00:00","dateModified":"2020-11-13T16:54:49+00:00","breadcrumb":{"@id":"https:\/\/www.provedor-jus.pt\/en\/national-preventive-machanism\/annual-reports\/#breadcrumb"},"inLanguage":"en-US","potentialAction":[{"@type":"ReadAction","target":["https:\/\/www.provedor-jus.pt\/en\/national-preventive-machanism\/annual-reports\/"]}]},{"@type":"BreadcrumbList","@id":"https:\/\/www.provedor-jus.pt\/en\/national-preventive-machanism\/annual-reports\/#breadcrumb","itemListElement":[{"@type":"ListItem","position":1,"name":"In\u00edcio","item":"https:\/\/www.provedor-jus.pt\/en\/"},{"@type":"ListItem","position":2,"name":"National Preventive Mechanism","item":"\/en\/national-preventive-mechanism\/the-ombusdman-as-national-preventive-mechanism\/"},{"@type":"ListItem","position":3,"name":"Annual Reports"}]},{"@type":"WebSite","@id":"https:\/\/www.provedor-jus.pt\/#website","url":"https:\/\/www.provedor-jus.pt\/","name":"Provedoria de Justi\u00e7a","description":"","publisher":{"@id":"https:\/\/www.provedor-jus.pt\/#organization"},"potentialAction":[{"@type":"SearchAction","target":{"@type":"EntryPoint","urlTemplate":"https:\/\/www.provedor-jus.pt\/?s={search_term_string}"},"query-input":{"@type":"PropertyValueSpecification","valueRequired":true,"valueName":"search_term_string"}}],"inLanguage":"en-US"},{"@type":"Organization","@id":"https:\/\/www.provedor-jus.pt\/#organization","name":"Provedoria de Justi\u00e7a","url":"https:\/\/www.provedor-jus.pt\/","logo":{"@type":"ImageObject","inLanguage":"en-US","@id":"https:\/\/www.provedor-jus.pt\/#\/schema\/logo\/image\/","url":"https:\/\/www.provedor-jus.pt\/wp-content\/uploads\/2024\/10\/logo_provedor_50anos.jpg","contentUrl":"https:\/\/www.provedor-jus.pt\/wp-content\/uploads\/2024\/10\/logo_provedor_50anos.jpg","width":2514,"height":554,"caption":"Provedoria de Justi\u00e7a"},"image":{"@id":"https:\/\/www.provedor-jus.pt\/#\/schema\/logo\/image\/"}}]}},"_links":{"self":[{"href":"https:\/\/www.provedor-jus.pt\/en\/wp-json\/wp\/v2\/pages\/19298","targetHints":{"allow":["GET"]}}],"collection":[{"href":"https:\/\/www.provedor-jus.pt\/en\/wp-json\/wp\/v2\/pages"}],"about":[{"href":"https:\/\/www.provedor-jus.pt\/en\/wp-json\/wp\/v2\/types\/page"}],"author":[{"embeddable":true,"href":"https:\/\/www.provedor-jus.pt\/en\/wp-json\/wp\/v2\/users\/1"}],"replies":[{"embeddable":true,"href":"https:\/\/www.provedor-jus.pt\/en\/wp-json\/wp\/v2\/comments?post=19298"}],"version-history":[{"count":0,"href":"https:\/\/www.provedor-jus.pt\/en\/wp-json\/wp\/v2\/pages\/19298\/revisions"}],"up":[{"embeddable":true,"href":"https:\/\/www.provedor-jus.pt\/en\/wp-json\/wp\/v2\/pages\/19233"}],"wp:attachment":[{"href":"https:\/\/www.provedor-jus.pt\/en\/wp-json\/wp\/v2\/media?parent=19298"}],"curies":[{"name":"wp","href":"https:\/\/api.w.org\/{rel}","templated":true}]}}