{"id":26501,"date":"2020-11-06T11:25:10","date_gmt":"2020-11-06T10:25:10","guid":{"rendered":"http:\/\/www.provedor-jus.pt\/who-we-are\/the-ombudsman\/recruitment\/procedimentos-concursais\/"},"modified":"2021-05-21T11:32:44","modified_gmt":"2021-05-21T10:32:44","slug":"procedimentos-concursais","status":"publish","type":"page","link":"https:\/\/www.provedor-jus.pt\/en\/who-we-are\/the-ombudsman\/recruitment\/procedimentos-concursais\/","title":{"rendered":"Procedimentos Concursais"},"content":{"rendered":"<div class=\"wpb-content-wrapper\"><!-- RS_MODULE_CODE_2.5.3 --> <div id=\"readspeaker_button26501\" class=\"rs_skip rs_preserve\"><a class=\"rs_href\" title=\"Ouvir com ReadSpeaker\" href=\"https:\/\/app-eu.readspeaker.com\/cgi-bin\/rsent?customerid=6394&amp;lang=pt_pt&amp;readid=rspeak_read_26501&amp;url=https%3A%2F%2Fwww.provedor-jus.pt%2Fen%2Fwp-json%2Fwp%2Fv2%2Fpages%2F26501\" onclick=\"readpage(this.href, 'xp26501'); return false;\"><img decoding=\"async\" src=\"https:\/\/www.provedor-jus.pt\/wp-content\/plugins\/enterprise_expanding_hl_wordpress-2x\/img\/icon_16px.gif\" alt=\"Ouvir com ReadSpeaker\" style=\"display: inline-block; margin-right: 5px;\"\/>Ouvir<\/a><\/div><div id=\"xp26501\" class=\"rs_addtools rs_splitbutton rs_preserve rs_skip rs_exp\"><\/div><div id=\"rspeak_read_26501\"><p>[vc_row][vc_column width=&#8221;1\/3&#8243; el_class=&#8221;column_container_left&#8221;][vc_wp_custommenu nav_menu=&#8221;127&#8243; el_class=&#8221;menu-main-menu&#8221;][\/vc_column][vc_column width=&#8221;2\/3&#8243; el_class=&#8221;column_container_right&#8221;][vc_custom_heading source=&#8221;post_title&#8221; font_container=&#8221;tag:h1|font_size:50px|text_align:left|line_height:50px&#8221; google_fonts=&#8221;font_family:Unna%3Aregular|font_style:400%20regular%3A400%3Anormal&#8221;][vc_column_text]<strong>Formul\u00e1rios:<\/strong><\/p>\n<ul>\n<li><a href=\"\/documentos\/formulario_candidatura.pdf\">Formul\u00e1rio de candidatura a procedimento concursal<\/a><\/li>\n<li><a href=\"\/documentos\/formulariopartinteressados.pdf\">Exerc\u00edcio do direito de participa\u00e7\u00e3o dos interessados<\/a><\/li>\n<\/ul>\n<p><strong>A decorrer:<\/strong><\/p>\n<ul>\n<li><a href=\"\/documentos\/Concurso_chefe_divisao.pdf\">Procedimento concursal para provimento de cargo de dire\u00e7\u00e3o interm\u00e9dia de 2\u00ba grau da Divis\u00e3o de Inform\u00e1tica da Provedoria de Justi\u00e7a.<\/a><\/li>\n<\/ul>\n<p><a href=\"\/documentos\/chefe_divisao_publicacao-site.pdf\">BEP &#8211; C\u00f3digo OE201710\/0085<\/a><\/p>\n<p><a href=\"https:\/\/dre.pt\/application\/file\/a\/108269505\">Publica\u00e7\u00e3o em DR, II S\u00aa, Aviso (extrato) n.\u00ba 12068\/2017, de 9 de outubro de 2017.<\/a><\/p>\n<p><a href=\"https:\/\/dre.pt\/web\/guest\/home\/-\/dre\/114822353\/details\/maximized?serie=II&amp;parte_filter=30\">Publica\u00e7\u00e3o em DR, II S\u00aa, n\u00ba 47 Aviso (extrato) n.\u00ba 3024\/2018, de 7 de mar\u00e7o de 2018.18.<\/a>[\/vc_column_text][\/vc_column][\/vc_row]<\/p>\n<\/div><\/div>","protected":false},"excerpt":{"rendered":"<p><!-- RS_MODULE_CODE_2.5.3 --> <\/p>\n<div id=\"readspeaker_button26501\" class=\"rs_skip rs_preserve\"><a class=\"rs_href\" title=\"Ouvir com ReadSpeaker\" href=\"https:\/\/app-eu.readspeaker.com\/cgi-bin\/rsent?customerid=6394&amp;lang=pt_pt&amp;readid=rspeak_read_26501&amp;url=https%3A%2F%2Fwww.provedor-jus.pt%2Fen%2Fwp-json%2Fwp%2Fv2%2Fpages%2F26501\" onclick=\"readpage(this.href, 'xp26501'); return false;\"><img decoding=\"async\" src=\"https:\/\/www.provedor-jus.pt\/wp-content\/plugins\/enterprise_expanding_hl_wordpress-2x\/img\/icon_16px.gif\" alt=\"Ouvir com ReadSpeaker\" style=\"display: inline-block; margin-right: 5px;\"\/>Ouvir<\/a><\/div>\n<div id=\"xp26501\" class=\"rs_addtools rs_splitbutton rs_preserve rs_skip rs_exp\"><\/div>\n<div id=\"rspeak_read_26501\">[vc_row][vc_column width=&#8221;1\/3&#8243; el_class=&#8221;column_container_left&#8221;][vc_wp_custommenu nav_menu=&#8221;127&#8243; el_class=&#8221;menu-main-menu&#8221;][\/vc_column][vc_column width=&#8221;2\/3&#8243; el_class=&#8221;column_container_right&#8221;][vc_custom_heading source=&#8221;post_title&#8221; font_container=&#8221;tag:h1|font_size:50px|text_align:left|line_height:50px&#8221; google_fonts=&#8221;font_family:Unna%3Aregular|font_style:400%20regular%3A400%3Anormal&#8221;][vc_column_text]Formul\u00e1rios: Formul\u00e1rio de candidatura a procedimento concursal Exerc\u00edcio do direito de participa\u00e7\u00e3o dos interessados A decorrer: Procedimento concursal para provimento de cargo de dire\u00e7\u00e3o interm\u00e9dia de 2\u00ba grau da Divis\u00e3o de Inform\u00e1tica da Provedoria de Justi\u00e7a. BEP &#8211; C\u00f3digo OE201710\/0085 Publica\u00e7\u00e3o em DR, II S\u00aa, Aviso (extrato) n.\u00ba 12068\/2017, de 9&hellip;<\/div>\n","protected":false},"author":1,"featured_media":0,"parent":19155,"menu_order":0,"comment_status":"closed","ping_status":"closed","template":"","meta":{"_acf_changed":false,"footnotes":""},"class_list":["post-26501","page","type-page","status-publish","hentry"],"acf":[],"yoast_head":"<!-- This site is optimized with the Yoast SEO plugin v25.2 - https:\/\/yoast.com\/wordpress\/plugins\/seo\/ -->\n<title>Procedimentos Concursais - Provedoria de Justi\u00e7a<\/title>\n<meta name=\"robots\" content=\"index, follow, max-snippet:-1, max-image-preview:large, max-video-preview:-1\" \/>\n<link rel=\"canonical\" href=\"https:\/\/www.provedor-jus.pt\/en\/who-we-are\/the-ombudsman\/recruitment\/procedimentos-concursais\/\" \/>\n<meta property=\"og:locale\" content=\"en_US\" \/>\n<meta property=\"og:type\" content=\"article\" \/>\n<meta property=\"og:title\" content=\"Procedimentos Concursais - Provedoria de Justi\u00e7a\" \/>\n<meta property=\"og:description\" content=\"Ouvir[vc_row][vc_column width=&#8221;1\/3&#8243; el_class=&#8221;column_container_left&#8221;][vc_wp_custommenu nav_menu=&#8221;127&#8243; el_class=&#8221;menu-main-menu&#8221;][\/vc_column][vc_column width=&#8221;2\/3&#8243; el_class=&#8221;column_container_right&#8221;][vc_custom_heading source=&#8221;post_title&#8221; font_container=&#8221;tag:h1|font_size:50px|text_align:left|line_height:50px&#8221; google_fonts=&#8221;font_family:Unna%3Aregular|font_style:400%20regular%3A400%3Anormal&#8221;][vc_column_text]Formul\u00e1rios: Formul\u00e1rio de candidatura a procedimento concursal Exerc\u00edcio do direito de participa\u00e7\u00e3o dos interessados A decorrer: Procedimento concursal para provimento de cargo de dire\u00e7\u00e3o interm\u00e9dia de 2\u00ba grau da Divis\u00e3o de Inform\u00e1tica da Provedoria de Justi\u00e7a. BEP &#8211; C\u00f3digo OE201710\/0085 Publica\u00e7\u00e3o em DR, II S\u00aa, Aviso (extrato) n.\u00ba 12068\/2017, de 9&hellip;\" \/>\n<meta property=\"og:url\" content=\"https:\/\/www.provedor-jus.pt\/en\/who-we-are\/the-ombudsman\/recruitment\/procedimentos-concursais\/\" \/>\n<meta property=\"og:site_name\" content=\"Provedoria de Justi\u00e7a\" \/>\n<meta property=\"article:modified_time\" content=\"2021-05-21T10:32:44+00:00\" \/>\n<meta name=\"twitter:card\" content=\"summary_large_image\" \/>\n<meta name=\"twitter:label1\" content=\"Est. reading time\" \/>\n\t<meta name=\"twitter:data1\" content=\"1 minute\" \/>\n<script type=\"application\/ld+json\" class=\"yoast-schema-graph\">{\"@context\":\"https:\/\/schema.org\",\"@graph\":[{\"@type\":\"WebPage\",\"@id\":\"https:\/\/www.provedor-jus.pt\/en\/who-we-are\/the-ombudsman\/recruitment\/procedimentos-concursais\/\",\"url\":\"https:\/\/www.provedor-jus.pt\/en\/who-we-are\/the-ombudsman\/recruitment\/procedimentos-concursais\/\",\"name\":\"Procedimentos Concursais - Provedoria de Justi\u00e7a\",\"isPartOf\":{\"@id\":\"https:\/\/www.provedor-jus.pt\/#website\"},\"datePublished\":\"2020-11-06T10:25:10+00:00\",\"dateModified\":\"2021-05-21T10:32:44+00:00\",\"breadcrumb\":{\"@id\":\"https:\/\/www.provedor-jus.pt\/en\/who-we-are\/the-ombudsman\/recruitment\/procedimentos-concursais\/#breadcrumb\"},\"inLanguage\":\"en-US\",\"potentialAction\":[{\"@type\":\"ReadAction\",\"target\":[\"https:\/\/www.provedor-jus.pt\/en\/who-we-are\/the-ombudsman\/recruitment\/procedimentos-concursais\/\"]}]},{\"@type\":\"BreadcrumbList\",\"@id\":\"https:\/\/www.provedor-jus.pt\/en\/who-we-are\/the-ombudsman\/recruitment\/procedimentos-concursais\/#breadcrumb\",\"itemListElement\":[{\"@type\":\"ListItem\",\"position\":1,\"name\":\"In\u00edcio\",\"item\":\"https:\/\/www.provedor-jus.pt\/en\/\"},{\"@type\":\"ListItem\",\"position\":2,\"name\":\"Who We Are\",\"item\":\"\/en\/who-we-are\/the-ombudsperson\/\"},{\"@type\":\"ListItem\",\"position\":3,\"name\":\"The Ombudsman\",\"item\":\"https:\/\/www.provedor-jus.pt\/en\/who-we-are\/the-ombudsman\/\"},{\"@type\":\"ListItem\",\"position\":4,\"name\":\"Recruitment\",\"item\":\"https:\/\/www.provedor-jus.pt\/en\/who-we-are\/the-ombudsman\/recruitment\/\"},{\"@type\":\"ListItem\",\"position\":5,\"name\":\"Procedimentos Concursais\"}]},{\"@type\":\"WebSite\",\"@id\":\"https:\/\/www.provedor-jus.pt\/#website\",\"url\":\"https:\/\/www.provedor-jus.pt\/\",\"name\":\"Provedoria de Justi\u00e7a\",\"description\":\"\",\"publisher\":{\"@id\":\"https:\/\/www.provedor-jus.pt\/#organization\"},\"potentialAction\":[{\"@type\":\"SearchAction\",\"target\":{\"@type\":\"EntryPoint\",\"urlTemplate\":\"https:\/\/www.provedor-jus.pt\/?s={search_term_string}\"},\"query-input\":{\"@type\":\"PropertyValueSpecification\",\"valueRequired\":true,\"valueName\":\"search_term_string\"}}],\"inLanguage\":\"en-US\"},{\"@type\":\"Organization\",\"@id\":\"https:\/\/www.provedor-jus.pt\/#organization\",\"name\":\"Provedoria de Justi\u00e7a\",\"url\":\"https:\/\/www.provedor-jus.pt\/\",\"logo\":{\"@type\":\"ImageObject\",\"inLanguage\":\"en-US\",\"@id\":\"https:\/\/www.provedor-jus.pt\/#\/schema\/logo\/image\/\",\"url\":\"https:\/\/www.provedor-jus.pt\/wp-content\/uploads\/2024\/10\/logo_provedor_50anos.jpg\",\"contentUrl\":\"https:\/\/www.provedor-jus.pt\/wp-content\/uploads\/2024\/10\/logo_provedor_50anos.jpg\",\"width\":2514,\"height\":554,\"caption\":\"Provedoria de Justi\u00e7a\"},\"image\":{\"@id\":\"https:\/\/www.provedor-jus.pt\/#\/schema\/logo\/image\/\"}}]}<\/script>\n<!-- \/ Yoast SEO plugin. -->","yoast_head_json":{"title":"Procedimentos Concursais - Provedoria de Justi\u00e7a","robots":{"index":"index","follow":"follow","max-snippet":"max-snippet:-1","max-image-preview":"max-image-preview:large","max-video-preview":"max-video-preview:-1"},"canonical":"https:\/\/www.provedor-jus.pt\/en\/who-we-are\/the-ombudsman\/recruitment\/procedimentos-concursais\/","og_locale":"en_US","og_type":"article","og_title":"Procedimentos Concursais - Provedoria de Justi\u00e7a","og_description":"Ouvir[vc_row][vc_column width=&#8221;1\/3&#8243; el_class=&#8221;column_container_left&#8221;][vc_wp_custommenu nav_menu=&#8221;127&#8243; el_class=&#8221;menu-main-menu&#8221;][\/vc_column][vc_column width=&#8221;2\/3&#8243; el_class=&#8221;column_container_right&#8221;][vc_custom_heading source=&#8221;post_title&#8221; font_container=&#8221;tag:h1|font_size:50px|text_align:left|line_height:50px&#8221; google_fonts=&#8221;font_family:Unna%3Aregular|font_style:400%20regular%3A400%3Anormal&#8221;][vc_column_text]Formul\u00e1rios: Formul\u00e1rio de candidatura a procedimento concursal Exerc\u00edcio do direito de participa\u00e7\u00e3o dos interessados A decorrer: Procedimento concursal para provimento de cargo de dire\u00e7\u00e3o interm\u00e9dia de 2\u00ba grau da Divis\u00e3o de Inform\u00e1tica da Provedoria de Justi\u00e7a. BEP &#8211; C\u00f3digo OE201710\/0085 Publica\u00e7\u00e3o em DR, II S\u00aa, Aviso (extrato) n.\u00ba 12068\/2017, de 9&hellip;","og_url":"https:\/\/www.provedor-jus.pt\/en\/who-we-are\/the-ombudsman\/recruitment\/procedimentos-concursais\/","og_site_name":"Provedoria de Justi\u00e7a","article_modified_time":"2021-05-21T10:32:44+00:00","twitter_card":"summary_large_image","twitter_misc":{"Est. reading time":"1 minute"},"schema":{"@context":"https:\/\/schema.org","@graph":[{"@type":"WebPage","@id":"https:\/\/www.provedor-jus.pt\/en\/who-we-are\/the-ombudsman\/recruitment\/procedimentos-concursais\/","url":"https:\/\/www.provedor-jus.pt\/en\/who-we-are\/the-ombudsman\/recruitment\/procedimentos-concursais\/","name":"Procedimentos Concursais - Provedoria de Justi\u00e7a","isPartOf":{"@id":"https:\/\/www.provedor-jus.pt\/#website"},"datePublished":"2020-11-06T10:25:10+00:00","dateModified":"2021-05-21T10:32:44+00:00","breadcrumb":{"@id":"https:\/\/www.provedor-jus.pt\/en\/who-we-are\/the-ombudsman\/recruitment\/procedimentos-concursais\/#breadcrumb"},"inLanguage":"en-US","potentialAction":[{"@type":"ReadAction","target":["https:\/\/www.provedor-jus.pt\/en\/who-we-are\/the-ombudsman\/recruitment\/procedimentos-concursais\/"]}]},{"@type":"BreadcrumbList","@id":"https:\/\/www.provedor-jus.pt\/en\/who-we-are\/the-ombudsman\/recruitment\/procedimentos-concursais\/#breadcrumb","itemListElement":[{"@type":"ListItem","position":1,"name":"In\u00edcio","item":"https:\/\/www.provedor-jus.pt\/en\/"},{"@type":"ListItem","position":2,"name":"Who We Are","item":"\/en\/who-we-are\/the-ombudsperson\/"},{"@type":"ListItem","position":3,"name":"The Ombudsman","item":"https:\/\/www.provedor-jus.pt\/en\/who-we-are\/the-ombudsman\/"},{"@type":"ListItem","position":4,"name":"Recruitment","item":"https:\/\/www.provedor-jus.pt\/en\/who-we-are\/the-ombudsman\/recruitment\/"},{"@type":"ListItem","position":5,"name":"Procedimentos Concursais"}]},{"@type":"WebSite","@id":"https:\/\/www.provedor-jus.pt\/#website","url":"https:\/\/www.provedor-jus.pt\/","name":"Provedoria de Justi\u00e7a","description":"","publisher":{"@id":"https:\/\/www.provedor-jus.pt\/#organization"},"potentialAction":[{"@type":"SearchAction","target":{"@type":"EntryPoint","urlTemplate":"https:\/\/www.provedor-jus.pt\/?s={search_term_string}"},"query-input":{"@type":"PropertyValueSpecification","valueRequired":true,"valueName":"search_term_string"}}],"inLanguage":"en-US"},{"@type":"Organization","@id":"https:\/\/www.provedor-jus.pt\/#organization","name":"Provedoria de Justi\u00e7a","url":"https:\/\/www.provedor-jus.pt\/","logo":{"@type":"ImageObject","inLanguage":"en-US","@id":"https:\/\/www.provedor-jus.pt\/#\/schema\/logo\/image\/","url":"https:\/\/www.provedor-jus.pt\/wp-content\/uploads\/2024\/10\/logo_provedor_50anos.jpg","contentUrl":"https:\/\/www.provedor-jus.pt\/wp-content\/uploads\/2024\/10\/logo_provedor_50anos.jpg","width":2514,"height":554,"caption":"Provedoria de Justi\u00e7a"},"image":{"@id":"https:\/\/www.provedor-jus.pt\/#\/schema\/logo\/image\/"}}]}},"_links":{"self":[{"href":"https:\/\/www.provedor-jus.pt\/en\/wp-json\/wp\/v2\/pages\/26501","targetHints":{"allow":["GET"]}}],"collection":[{"href":"https:\/\/www.provedor-jus.pt\/en\/wp-json\/wp\/v2\/pages"}],"about":[{"href":"https:\/\/www.provedor-jus.pt\/en\/wp-json\/wp\/v2\/types\/page"}],"author":[{"embeddable":true,"href":"https:\/\/www.provedor-jus.pt\/en\/wp-json\/wp\/v2\/users\/1"}],"replies":[{"embeddable":true,"href":"https:\/\/www.provedor-jus.pt\/en\/wp-json\/wp\/v2\/comments?post=26501"}],"version-history":[{"count":1,"href":"https:\/\/www.provedor-jus.pt\/en\/wp-json\/wp\/v2\/pages\/26501\/revisions"}],"predecessor-version":[{"id":26502,"href":"https:\/\/www.provedor-jus.pt\/en\/wp-json\/wp\/v2\/pages\/26501\/revisions\/26502"}],"up":[{"embeddable":true,"href":"https:\/\/www.provedor-jus.pt\/en\/wp-json\/wp\/v2\/pages\/19155"}],"wp:attachment":[{"href":"https:\/\/www.provedor-jus.pt\/en\/wp-json\/wp\/v2\/media?parent=26501"}],"curies":[{"name":"wp","href":"https:\/\/api.w.org\/{rel}","templated":true}]}}